{"id":662,"date":"2012-03-30T02:58:35","date_gmt":"2012-03-30T02:58:35","guid":{"rendered":"https:\/\/www.lilianadercye.com\/coaching-online\/?page_id=662"},"modified":"2022-01-04T13:01:52","modified_gmt":"2022-01-04T13:01:52","slug":"preguntas-frecuentes","status":"publish","type":"page","link":"https:\/\/www.lilianadercye.com\/coaching-online\/preguntas-frecuentes\/","title":{"rendered":"Preguntas Frecuentes"},"content":{"rendered":"<HTML>\r\n<BODY>\r\n<script async src=\"\/\/pagead2.googlesyndication.com\/pagead\/js\/adsbygoogle.js\"><\/script>\r\n<!-- Banergrafico728x90, creado 9\/03\/09 -->\r\n<ins class=\"adsbygoogle\"\r\n     style=\"display:inline-block;width:728px;height:90px\"\r\n     data-ad-client=\"ca-pub-3627579864509604\"\r\n     data-ad-slot=\"5247974429\"><\/ins>\r\n<script>\r\n(adsbygoogle = window.adsbygoogle || []).push({});\r\n<\/script>\r\n<p>&nbsp;<\/p>\r\n<p align=\"left\" style=\"word-spacing: 0px; margin-left: 5px; margin-right: 4px; \"><font face=\"Verdana\" size=\"2\"><a href=\"http:\/\/www.loqueengordaeslaemocion.com\/las_emociones_engordan.htm\">\u00bfLas\r\nemociones engordan?<\/a><\/font><font size=\"2\" face=\"Verdana\" color=\"#000000\"><a href=\"http:\/\/www.loqueengordaeslaemocion.com\/Notas.htm\"><img loading=\"lazy\" border=\"0\" src=\"http:\/\/www.loqueengordaeslaemocion.com\/images\/leerart.gif\" align=\"right\" width=\"190\" height=\"183\"><\/a><\/font><\/p>\r\n<p align=\"left\" style=\"word-spacing: 0px; margin-left: 5px; margin-right: 4px; \"><font size=\"2\" face=\"Verdana\"><a href=\"http:\/\/www.loqueengordaeslaemocion.com\/generalidades.htm#detalles\"><font color=\"#000000\">\u00bfCu\u00e1les\r\nson las caracter\u00edsticas generales del servicio; qu\u00e9 ofrece?<\/font><\/a><\/font><\/p>\r\n<p align=\"left\" style=\"word-spacing: 0px; margin-left: 5px; margin-right: 4px; \"><a href=\"http:\/\/www.loqueengordaeslaemocion.com\/generalidades.htm#a quien\"><font size=\"2\" face=\"Verdana\" color=\"#000000\">\u00bfA\r\nqui\u00e9n va dirigido este Servicio de Coaching para Adelgazar?<\/font><\/a><\/p>\r\n<p align=\"left\" style=\"word-spacing: 0px; margin-left: 5px; margin-right: 4px; \"><a href=\"http:\/\/www.loqueengordaeslaemocion.com\/generalidades.htm#personalizado\"><font color=\"#000000\" size=\"2\" face=\"Verdana\">\u00bfOfrecen\r\nplanes personalizados?<\/font><\/a><font size=\"2\" face=\"Verdana\" color=\"#000000\">&nbsp;<\/font><\/p>\r\n<p align=\"left\" style=\"word-spacing: 0px; margin-left: 5px; margin-right: 4px; \"><a href=\"http:\/\/www.loqueengordaeslaemocion.com\/generalidades.htm#consiste\"><font color=\"#000000\" size=\"2\" face=\"Verdana\">\u00bfEn\r\nqu\u00e9 consiste el Servicio de 20 Sesiones de Coaching Online?<\/font><\/a><\/p>\r\n<p align=\"left\" style=\"word-spacing: 0px; margin-left: 5px; margin-right: 4px; \"><font face=\"Verdana\" size=\"2\"><a href=\"http:\/\/www.loqueengordaeslaemocion.com\/generalidades.htm#incluye\">\u00bfQu\u00e9\r\nincluye el programa?<\/a><\/font><\/p>\r\n<p align=\"left\" style=\"word-spacing: 0px; margin-left: 5px; margin-right: 4px; \"><a href=\"http:\/\/www.loqueengordaeslaemocion.com\/generalidades.htm#paratodos\"><font color=\"#000000\" size=\"2\" face=\"Verdana\">\u00bfEsta\r\npropuesta es para todo el mundo?<\/font><\/a><\/p>\r\n<p align=\"left\" style=\"word-spacing: 0px; margin-left: 5px; margin-right: 4px; \"><font face=\"Verdana\" size=\"2\"><a href=\"http:\/\/www.loqueengordaeslaemocion.com\/generalidades.htm#objetivos\"><font color=\"#000000\">\u00bfCu\u00e1les\r\nson los objetivos del programa de este servicio de Coaching Online para\r\nAdelgazar? \u00bfQu\u00e9 consigue?<\/font><\/a><\/font><\/p>\r\n<p align=\"left\" style=\"word-spacing: 0px; margin-left: 5px; margin-right: 4px; \"><font face=\"Verdana\" color=\"#000000\" size=\"2\"><a href=\"http:\/\/www.loqueengordaeslaemocion.com\/generalidades.htm#garantia\">Estoy\r\nmuy excedido de peso, \u00bfOtorgan garant\u00edas&nbsp;<br>\r\nde que me librar\u00e9 del excedente de peso en 20 sesiones?<o:p>\r\n<span class=\"Apple-converted-space\">&nbsp;<\/span>&nbsp;<span class=\"Apple-converted-space\">&nbsp;<\/span><b>(NO.\r\nS\u00edrvase leer este punto)<\/b><\/o:p>\r\n<\/a><\/font><\/p>\r\n<p align=\"left\" style=\"word-spacing: 0px; margin-left: 5px; margin-right: 4px; \"><a href=\"http:\/\/www.loqueengordaeslaemocion.com\/Notas.htm\"><font color=\"#000000\" size=\"2\" face=\"Verdana\">\u00bfSirve\r\neste programa para acompa\u00f1ar la faja g\u00e1strica (bypass g\u00e1strico, cirug\u00eda bari\u00e1trica)?<\/font><\/a><font color=\"#000000\" size=\"2\" face=\"Verdana\"><span class=\"Apple-converted-space\">&nbsp;<\/span>(Ver\r\nNotas)<\/font><\/p>\r\n<p align=\"left\" style=\"word-spacing: 0px; margin-left: 5px; margin-right: 4px; \"><font color=\"#008000\" size=\"2\" face=\"Verdana\">\u00bf<a href=\"http:\/\/www.loqueengordaeslaemocion.com\/curso_para_adelgazar.htm\">C\u00f3mo\r\ns\u00e9 si este servicio es adecuado para m\u00ed<\/a>?<\/font><\/p>\r\n<p align=\"left\" style=\"word-spacing: 0px; margin-left: 5px; margin-right: 4px; \"><a href=\"http:\/\/www.loqueengordaeslaemocion.com\/generalidades.htm#chat\"><font color=\"#000000\" size=\"2\" face=\"Verdana\">\u00bfConsiste\r\nen sistema de chat o de seminarios en vivo?<\/font><\/a><\/p>\r\n<p align=\"left\" style=\"word-spacing: 0px; margin-left: 5px; margin-right: 4px; \"><font color=\"#008000\" size=\"2\" face=\"Verdana\">\u00bf<a href=\"http:\/\/www.loqueengordaeslaemocion.com\/generalidades.htm#loqueengorda\">El\r\nCoaching Online incluye el libro &quot;Lo que engorda es la emoci\u00f3n&quot;?&nbsp;<\/a><\/font><\/p>\r\n<p align=\"left\" style=\"word-spacing: 0px; margin-left: 5px; margin-right: 4px; \"><font face=\"Verdana\" size=\"2\"><a href=\"http:\/\/www.loqueengordaeslaemocion.com\/generalidades.htm#prolonga\"><font color=\"#000000\">\u00bfEl\r\nCoaching Online se basa en el libro &quot;La dieta de un d\u00eda&quot;; o es una\r\nextensi\u00f3n del mismo?<\/font><\/a><\/font><\/p>\r\n<p align=\"left\" style=\"word-spacing: 0px; margin-left: 5px; margin-right: 4px; \"><font color=\"#000000\"><a href=\"http:\/\/www.loqueengordaeslaemocion.com\/generalidades.htm#floresbach\"><font size=\"2\" face=\"Verdana\">\u00bfPor\r\nqu\u00e9 las Flores de Bach?<\/font><\/a><font size=\"2\" face=\"Verdana\">,<\/font><\/font><\/p>\r\n<p align=\"left\"><font face=\"Verdana\" size=\"2\" color=\"#000000\">\u00bf<a href=\"http:\/\/www.loqueengordaeslaemocion.com\/tratamiento_para_adelgazar.htm\">En\r\nqu\u00e9 se diferencia el coaching para adelgazar de un tratamiento para adelgazar<\/a>?<\/font><\/p>\r\n<p align=\"left\" style=\"word-spacing: 0px; margin-left: 5px; margin-right: 4px; \"><a href=\"http:\/\/www.loqueengordaeslaemocion.com\/practicas_de_coaching.htm\"><font color=\"#000000\" size=\"2\" face=\"Verdana\">\u00bfC\u00f3mo\r\nson entretenidas las pr\u00e1cticas de Coaching para Adelgazar?<\/font><\/a><\/p>\r\n<p align=\"left\" style=\"word-spacing: 0px; margin-left: 5px; margin-right: 4px; \"><a href=\"http:\/\/www.loqueengordaeslaemocion.com\/limitaciones_del_coaching_para_adelgazar.htm\"><font color=\"#000000\" size=\"2\" face=\"Verdana\">\u00bfCu\u00e1les\r\nson las limitaciones del programa?<\/font><\/a><\/p>\r\n<p align=\"left\" style=\"word-spacing: 0px; margin-left: 5px; margin-right: 4px; \"><a href=\"http:\/\/www.loqueengordaeslaemocion.com\/generalidades.htm#negarse\"><font color=\"#000000\" face=\"Verdana\" size=\"2\">\u00bfQu\u00e9\r\npasa si me niego a participar, si salteo pr\u00e1cticas o si no soy bueno para\r\ncumplir con la consigna?<\/font><\/a><\/p>\r\n<p align=\"left\" style=\"word-spacing: 0px; margin-left: 5px; margin-right: 4px; \"><a href=\"http:\/\/www.loqueengordaeslaemocion.com\/generalidades.htm#tomarconsulta\"><font face=\"Verdana\" size=\"2\" color=\"#000000\">\u00bfCu\u00e1ndo\r\npuedo tomar la Consulta de Coaching Personalizado a tarifa preferencial?<\/font><\/a><\/p>\r\n<p align=\"left\" style=\"word-spacing: 0px; margin-left: 5px; margin-right: 4px; \"><font face=\"Verdana\" size=\"2\" color=\"#000000\"><a href=\"http:\/\/www.loqueengordaeslaemocion.com\/generalidades.htm#intransferible\">\u00bfC\u00f3mo\r\npuedo contactar con un promotor?<\/a><\/font><\/p>\r\n<p align=\"left\" style=\"word-spacing: 0px; margin-left: 5px; margin-right: 4px; \"><font face=\"Verdana\" size=\"2\" color=\"#000000\"><a href=\"http:\/\/www.loqueengordaeslaemocion.com\/generalidades.htm#intransferible\">\u00bfCu\u00e1les\r\nson las ventajas de contratar el servicio a trav\u00e9s de un promotor?&nbsp;<\/a><\/font><\/p>\r\n<p align=\"left\" style=\"word-spacing: 0px; margin-left: 5px; margin-right: 4px; \"><font face=\"Verdana\" size=\"2\" color=\"#000000\"><a href=\"http:\/\/www.loqueengordaeslaemocion.com\/promotores.htm\">\u00bfD\u00f3nde\r\nme informo sobre los planes para<span class=\"Apple-converted-space\">&nbsp;<\/span>promotores\r\naqu\u00ed<\/a>?<\/font><\/p>\r\n<p align=\"left\" style=\"word-spacing: 0px; margin-left: 5px; margin-right: 4px; \"><font face=\"Verdana\" size=\"2\"><a href=\"http:\/\/www.loqueengordaeslaemocion.com\/generalidades.htm#participaractiva\"><font color=\"#000000\">\u00bfQu\u00e9\r\nse entiende por &quot;participaci\u00f3n activa&quot; y cu\u00e1l es la finalidad?<\/font><\/a><\/font><\/p>\r\n<p align=\"left\" style=\"word-spacing: 0px; margin-left: 5px; margin-right: 4px; \"><font face=\"Verdana\" size=\"2\"><a href=\"http:\/\/www.loqueengordaeslaemocion.com\/generalidades.htm#pereza\"><font color=\"#000000\">Soy\r\nperezoso e impaciente y&nbsp; me atemoriza explorar en mi interior. \u00bfPodr\u00e9\r\naprovechar el programa?<\/font><\/a><\/font><\/p>\r\n<p align=\"left\" style=\"word-spacing: 0px; margin-left: 5px; margin-right: 4px; \"><a href=\"http:\/\/www.loqueengordaeslaemocion.com\/generalidades.htm#ventajas\"><font color=\"#000000\" size=\"2\" face=\"Verdana\">\u00bfQu\u00e9\r\nventajas adicionales obtendr\u00e9?<\/font><\/a><\/p>\r\n<p align=\"left\" style=\"word-spacing: 0px; margin-left: 5px; margin-right: 4px; \"><a href=\"http:\/\/www.loqueengordaeslaemocion.com\/poder_personal.htm\"><font color=\"#000000\" size=\"2\" face=\"Verdana\">\u00bfQu\u00e9\r\nse entiende por &quot;evaluaci\u00f3n efectiva?<\/font><\/a><\/p>\r\n<p align=\"left\" style=\"word-spacing: 0px; margin-left: 5px; margin-right: 4px; \"><font face=\"Verdana\" size=\"2\"><a href=\"http:\/\/www.loqueengordaeslaemocion.com\/generalidades.htm#intransferible\"><font color=\"#000000\">\u00bfEs\r\ntransferible el t\u00edcket de Coaching Personalizado a tarifa preferencial?<\/font><\/a><\/font><\/p>\r\n<p align=\"left\" style=\"word-spacing: 0px; margin-left: 5px; margin-right: 4px; \"><font face=\"Verdana\" size=\"2\"><a href=\"http:\/\/www.loqueengordaeslaemocion.com\/generalidades.htm#vencimiento\"><font color=\"#000000\">\u00bfTiene\r\nfecha de Vencimiento la invitaci\u00f3n a tomar una&nbsp; consulta preferencial?<\/font><\/a><\/font><\/p>\r\n<p align=\"left\" style=\"word-spacing: 0px; margin-left: 5px; margin-right: 4px; \"><a href=\"http:\/\/www.loqueengordaeslaemocion.com\/Solicitar-Servicio.htm\"><font color=\"#000000\" size=\"2\" face=\"Verdana\">\u00bfC\u00f3mo\r\nse contrata el servicio de Coaching para adelgazar y cu\u00e1les son las formas de\r\npago?<\/font><\/a><\/p>\r\n<p align=\"left\" style=\"word-spacing: 0px; margin-left: 5px; margin-right: 4px; \"><a href=\"http:\/\/www.aflorarte.com\/Coaching.htm\"><font color=\"#000000\" size=\"2\" face=\"Verdana\">\u00bfQu\u00e9\r\nes el Coaching de Aflorarte.com?<\/font><\/a><font color=\"#000000\" size=\"2\" face=\"Verdana\">&nbsp;<\/font><\/p>\r\n<p align=\"left\" style=\"word-spacing: 0px; margin-left: 5px; margin-right: 4px; \"><a href=\"http:\/\/www.loqueengordaeslaemocion.com\/generalidades.htm#precio\"><font face=\"Verdana\" size=\"2\" color=\"#000000\">\u00bfCu\u00e1nto\r\ncuesta tomar el Servicio de Coaching para adelgazar y c\u00f3mo lo contrato?<\/font><\/a><\/p>\r\n<p align=\"left\"><font face=\"Verdana\" size=\"2\"><u>\u00bfC\u00f3mo puedo interiorizarme m\u00e1s\r\nsobre este sistema de Coaching?<\/u><span class=\"Apple-converted-space\">&nbsp;<\/span>Complete\r\na continuaci\u00f3n el formulario del Curso Introductorio y comience a recibir art\u00edculos\r\ncon provocativas observaciones, conceptos y ejercicios de reflexi\u00f3n que lo\r\ndejar\u00e1n pensando...Si usted es terapeuta o profesional de la salud, querr\u00e1\r\naplicar estos conceptos para ayudar a sus pacientes de un modo ameno en su\r\nconsultorio, como una charla informal relajada pero no menos reveladora<\/font><\/p>\r\n<p align=\"left\"><font face=\"Verdana\" size=\"2\"><i>No los deje pasar....<\/i><\/font><\/p>\r\n<font face=\"Verdana\" size=\"2\">\r\n<p class=\"MsoNormal\" align=\"left\" style=\"color: rgb(0, 0, 0); font-family: Verdana; font-style: normal; font-variant: normal; font-weight: normal; letter-spacing: normal; line-height: normal; orphans: 2; text-indent: 0px; text-transform: none; white-space: normal; widows: 2; word-spacing: 0px; -webkit-text-size-adjust: auto; -webkit-text-stroke-width: 0px; background-color: rgb(255, 255, 255); font-size: small; \"><font color=\"#008000\"><b><i>Para\r\nque las cosas funcionen hay que hacerlas funcionar<\/i><\/b><\/font><\/p>\r\n<br class=\"Apple-interchange-newline\">\r\n<\/font>\r\n\r\n\r\n\r\n\r\n<!-- Start of StatCounter Code for Default Guide -->\r\n<script type=\"text\/javascript\">\r\nvar sc_project=4506594; \r\nvar sc_invisible=1; \r\nvar sc_security=\"32eb2b6f\"; \r\n<\/script>\r\n<script type=\"text\/javascript\"\r\nsrc=\"http:\/\/www.statcounter.com\/counter\/counter.js\"><\/scrip t>\r\n<noscript><div class=\"statcounter\"><a title=\"click tracking\"\r\nhref=\"http:\/\/statcounter.com\/\" target=\"_blank\"><img\r\nclass=\"statcounter\"\r\nsrc=\"http:\/\/c.statcounter.com\/4506594\/0\/32eb2b6f\/1\/\"\r\nalt=\"click tracking\" width=\"1\"  height=\"1\"><\/a><\/div><\/noscript>\r\n<!-- End of StatCounter Code for Default Guide -->\r\n\r\n\r\n<script async  src=\"\/\/pagead2.googlesyndication.com\/pagead\/js\/adsbygoogle .js\"><\/script>\r\n<!-- Banergrafico728x90, creado 9\/03\/09 -->\r\n<ins class=\"adsbygoogle\"\r\n     style=\"display:inline-block;width:728px;height:90px\"\r\n     data-ad-client=\"ca-pub-3627579864509604\"\r\n     data-ad-slot=\"5247974429\"><\/ins>\r\n<script>\r\n(adsbygoogle = window.adsbygoogle || []).push({});\r\n<\/script>\r\n<\/BODY>\r\n<\/HTML>","protected":false},"excerpt":{"rendered":"&nbsp; \u00bfLas emociones engordan? \u00bfCu\u00e1les son las caracter\u00edsticas generales del servicio; qu\u00e9 ofrece? \u00bfA qui\u00e9n va dirigido este Servicio de Coaching para Adelgazar? \u00bfOfrecen planes personalizados?&nbsp; \u00bfEn qu\u00e9 consiste el Servicio de 20 Sesiones de Coaching Online? \u00bfQu\u00e9 incluye el &hellip; <a href=\"https:\/\/www.lilianadercye.com\/coaching-online\/preguntas-frecuentes\/\">Sigue leyendo <span class=\"meta-nav\">&rarr;<\/span><\/a>","protected":false},"author":14,"featured_media":0,"parent":0,"menu_order":10,"comment_status":"closed","ping_status":"closed","template":"","meta":[],"yoast_head":"<!-- This site is optimized with the Yoast SEO plugin v20.6 - https:\/\/yoast.com\/wordpress\/plugins\/seo\/ -->\n<title>Preguntas Frecuentes - Coaching Online<\/title>\n<meta name=\"robots\" content=\"index, follow, max-snippet:-1, max-image-preview:large, max-video-preview:-1\" \/>\n<link rel=\"canonical\" href=\"https:\/\/www.lilianadercye.com\/coaching-online\/preguntas-frecuentes\/\" \/>\n<meta property=\"og:locale\" content=\"es_ES\" \/>\n<meta property=\"og:type\" content=\"article\" \/>\n<meta property=\"og:title\" content=\"Preguntas Frecuentes - Coaching Online\" \/>\n<meta property=\"og:description\" content=\"&nbsp; \u00bfLas emociones engordan? \u00bfCu\u00e1les son las caracter\u00edsticas generales del servicio; qu\u00e9 ofrece? \u00bfA qui\u00e9n va dirigido este Servicio de Coaching para Adelgazar? \u00bfOfrecen planes personalizados?&nbsp; \u00bfEn qu\u00e9 consiste el Servicio de 20 Sesiones de Coaching Online? \u00bfQu\u00e9 incluye el &hellip; Sigue leyendo &rarr;\" \/>\n<meta property=\"og:url\" content=\"https:\/\/www.lilianadercye.com\/coaching-online\/preguntas-frecuentes\/\" \/>\n<meta property=\"og:site_name\" content=\"Coaching Online\" \/>\n<meta property=\"article:publisher\" content=\"https:\/\/www.facebook.com\/LoQueEngordaEsLaEmocion\" \/>\n<meta property=\"article:modified_time\" content=\"2022-01-04T13:01:52+00:00\" \/>\n<meta property=\"og:image\" content=\"http:\/\/www.loqueengordaeslaemocion.com\/images\/leerart.gif\" \/>\n<meta name=\"twitter:card\" content=\"summary_large_image\" \/>\n<meta name=\"twitter:site\" content=\"@Aflorarte\" \/>\n<meta name=\"twitter:label1\" content=\"Tiempo de lectura\" \/>\n\t<meta name=\"twitter:data1\" content=\"2 minutos\" \/>\n<script type=\"application\/ld+json\" class=\"yoast-schema-graph\">{\"@context\":\"https:\/\/schema.org\",\"@graph\":[{\"@type\":\"WebPage\",\"@id\":\"https:\/\/www.lilianadercye.com\/coaching-online\/preguntas-frecuentes\/\",\"url\":\"https:\/\/www.lilianadercye.com\/coaching-online\/preguntas-frecuentes\/\",\"name\":\"Preguntas Frecuentes - Coaching Online\",\"isPartOf\":{\"@id\":\"https:\/\/www.lilianadercye.com\/coaching-online\/#website\"},\"datePublished\":\"2012-03-30T02:58:35+00:00\",\"dateModified\":\"2022-01-04T13:01:52+00:00\",\"breadcrumb\":{\"@id\":\"https:\/\/www.lilianadercye.com\/coaching-online\/preguntas-frecuentes\/#breadcrumb\"},\"inLanguage\":\"es\",\"potentialAction\":[{\"@type\":\"ReadAction\",\"target\":[\"https:\/\/www.lilianadercye.com\/coaching-online\/preguntas-frecuentes\/\"]}]},{\"@type\":\"BreadcrumbList\",\"@id\":\"https:\/\/www.lilianadercye.com\/coaching-online\/preguntas-frecuentes\/#breadcrumb\",\"itemListElement\":[{\"@type\":\"ListItem\",\"position\":1,\"name\":\"Portada\",\"item\":\"https:\/\/www.lilianadercye.com\/coaching-online\/\"},{\"@type\":\"ListItem\",\"position\":2,\"name\":\"Preguntas Frecuentes\"}]},{\"@type\":\"WebSite\",\"@id\":\"https:\/\/www.lilianadercye.com\/coaching-online\/#website\",\"url\":\"https:\/\/www.lilianadercye.com\/coaching-online\/\",\"name\":\"Coaching Online\",\"description\":\"Educaci\u00f3n emocional-Entrenamiento online para adelgazar. 20 sesiones- GRATIS: Un mes de regalo\",\"publisher\":{\"@id\":\"https:\/\/www.lilianadercye.com\/coaching-online\/#organization\"},\"potentialAction\":[{\"@type\":\"SearchAction\",\"target\":{\"@type\":\"EntryPoint\",\"urlTemplate\":\"https:\/\/www.lilianadercye.com\/coaching-online\/?s={search_term_string}\"},\"query-input\":\"required name=search_term_string\"}],\"inLanguage\":\"es\"},{\"@type\":\"Organization\",\"@id\":\"https:\/\/www.lilianadercye.com\/coaching-online\/#organization\",\"name\":\"Coaching Online\",\"url\":\"https:\/\/www.lilianadercye.com\/coaching-online\/\",\"logo\":{\"@type\":\"ImageObject\",\"inLanguage\":\"es\",\"@id\":\"https:\/\/www.lilianadercye.com\/coaching-online\/#\/schema\/logo\/image\/\",\"url\":\"https:\/\/lilianadercye.com\/wp-content\/uploads\/2019\/07\/engorda_banner1.jpg\",\"contentUrl\":\"https:\/\/lilianadercye.com\/wp-content\/uploads\/2019\/07\/engorda_banner1.jpg\",\"width\":619,\"height\":160,\"caption\":\"Coaching Online\"},\"image\":{\"@id\":\"https:\/\/www.lilianadercye.com\/coaching-online\/#\/schema\/logo\/image\/\"},\"sameAs\":[\"https:\/\/www.facebook.com\/LoQueEngordaEsLaEmocion\",\"https:\/\/twitter.com\/Aflorarte\",\"https:\/\/www.instagram.com\/aflorartecoaching\/\",\"https:\/\/ar.pinterest.com\/aflorarte\/\",\"https:\/\/www.youtube.com\/user\/Aflorarte\"]}]}<\/script>\n<!-- \/ Yoast SEO plugin. -->","yoast_head_json":{"title":"Preguntas Frecuentes - Coaching Online","robots":{"index":"index","follow":"follow","max-snippet":"max-snippet:-1","max-image-preview":"max-image-preview:large","max-video-preview":"max-video-preview:-1"},"canonical":"https:\/\/www.lilianadercye.com\/coaching-online\/preguntas-frecuentes\/","og_locale":"es_ES","og_type":"article","og_title":"Preguntas Frecuentes - Coaching Online","og_description":"&nbsp; \u00bfLas emociones engordan? \u00bfCu\u00e1les son las caracter\u00edsticas generales del servicio; qu\u00e9 ofrece? \u00bfA qui\u00e9n va dirigido este Servicio de Coaching para Adelgazar? \u00bfOfrecen planes personalizados?&nbsp; \u00bfEn qu\u00e9 consiste el Servicio de 20 Sesiones de Coaching Online? \u00bfQu\u00e9 incluye el &hellip; Sigue leyendo &rarr;","og_url":"https:\/\/www.lilianadercye.com\/coaching-online\/preguntas-frecuentes\/","og_site_name":"Coaching Online","article_publisher":"https:\/\/www.facebook.com\/LoQueEngordaEsLaEmocion","article_modified_time":"2022-01-04T13:01:52+00:00","og_image":[{"url":"http:\/\/www.loqueengordaeslaemocion.com\/images\/leerart.gif"}],"twitter_card":"summary_large_image","twitter_site":"@Aflorarte","twitter_misc":{"Tiempo de lectura":"2 minutos"},"schema":{"@context":"https:\/\/schema.org","@graph":[{"@type":"WebPage","@id":"https:\/\/www.lilianadercye.com\/coaching-online\/preguntas-frecuentes\/","url":"https:\/\/www.lilianadercye.com\/coaching-online\/preguntas-frecuentes\/","name":"Preguntas Frecuentes - Coaching Online","isPartOf":{"@id":"https:\/\/www.lilianadercye.com\/coaching-online\/#website"},"datePublished":"2012-03-30T02:58:35+00:00","dateModified":"2022-01-04T13:01:52+00:00","breadcrumb":{"@id":"https:\/\/www.lilianadercye.com\/coaching-online\/preguntas-frecuentes\/#breadcrumb"},"inLanguage":"es","potentialAction":[{"@type":"ReadAction","target":["https:\/\/www.lilianadercye.com\/coaching-online\/preguntas-frecuentes\/"]}]},{"@type":"BreadcrumbList","@id":"https:\/\/www.lilianadercye.com\/coaching-online\/preguntas-frecuentes\/#breadcrumb","itemListElement":[{"@type":"ListItem","position":1,"name":"Portada","item":"https:\/\/www.lilianadercye.com\/coaching-online\/"},{"@type":"ListItem","position":2,"name":"Preguntas Frecuentes"}]},{"@type":"WebSite","@id":"https:\/\/www.lilianadercye.com\/coaching-online\/#website","url":"https:\/\/www.lilianadercye.com\/coaching-online\/","name":"Coaching Online","description":"Educaci\u00f3n emocional-Entrenamiento online para adelgazar. 20 sesiones- GRATIS: Un mes de regalo","publisher":{"@id":"https:\/\/www.lilianadercye.com\/coaching-online\/#organization"},"potentialAction":[{"@type":"SearchAction","target":{"@type":"EntryPoint","urlTemplate":"https:\/\/www.lilianadercye.com\/coaching-online\/?s={search_term_string}"},"query-input":"required name=search_term_string"}],"inLanguage":"es"},{"@type":"Organization","@id":"https:\/\/www.lilianadercye.com\/coaching-online\/#organization","name":"Coaching Online","url":"https:\/\/www.lilianadercye.com\/coaching-online\/","logo":{"@type":"ImageObject","inLanguage":"es","@id":"https:\/\/www.lilianadercye.com\/coaching-online\/#\/schema\/logo\/image\/","url":"https:\/\/lilianadercye.com\/wp-content\/uploads\/2019\/07\/engorda_banner1.jpg","contentUrl":"https:\/\/lilianadercye.com\/wp-content\/uploads\/2019\/07\/engorda_banner1.jpg","width":619,"height":160,"caption":"Coaching Online"},"image":{"@id":"https:\/\/www.lilianadercye.com\/coaching-online\/#\/schema\/logo\/image\/"},"sameAs":["https:\/\/www.facebook.com\/LoQueEngordaEsLaEmocion","https:\/\/twitter.com\/Aflorarte","https:\/\/www.instagram.com\/aflorartecoaching\/","https:\/\/ar.pinterest.com\/aflorarte\/","https:\/\/www.youtube.com\/user\/Aflorarte"]}]}},"_links":{"self":[{"href":"https:\/\/www.lilianadercye.com\/coaching-online\/wp-json\/wp\/v2\/pages\/662"}],"collection":[{"href":"https:\/\/www.lilianadercye.com\/coaching-online\/wp-json\/wp\/v2\/pages"}],"about":[{"href":"https:\/\/www.lilianadercye.com\/coaching-online\/wp-json\/wp\/v2\/types\/page"}],"author":[{"embeddable":true,"href":"https:\/\/www.lilianadercye.com\/coaching-online\/wp-json\/wp\/v2\/users\/14"}],"replies":[{"embeddable":true,"href":"https:\/\/www.lilianadercye.com\/coaching-online\/wp-json\/wp\/v2\/comments?post=662"}],"version-history":[{"count":0,"href":"https:\/\/www.lilianadercye.com\/coaching-online\/wp-json\/wp\/v2\/pages\/662\/revisions"}],"wp:attachment":[{"href":"https:\/\/www.lilianadercye.com\/coaching-online\/wp-json\/wp\/v2\/media?parent=662"}],"curies":[{"name":"wp","href":"https:\/\/api.w.org\/{rel}","templated":true}]}}