{"id":52,"date":"2012-03-09T16:00:11","date_gmt":"2012-03-09T16:00:11","guid":{"rendered":"https:\/\/www.lilianadercye.com\/coaching-online\/?page_id=52"},"modified":"2022-01-04T12:52:59","modified_gmt":"2022-01-04T12:52:59","slug":"lo-que-engorda-es-la-emocion","status":"publish","type":"page","link":"https:\/\/www.lilianadercye.com\/coaching-online\/lo-que-engorda-es-la-emocion\/","title":{"rendered":"Lo que engorda es la emoci\u00f3n"},"content":{"rendered":"<h1><span style=\"border: 0px; margin: 0px; padding: 0px; vertical-align: baseline; font-family: Verdana; background: transparent;\">Educaci\u00f3n\u00a0emocional - Enlaces de Inter\u00e9s<\/span><\/h1>\r\n<h2 style=\"border: 0px; margin: 0px 0px 24px; padding: 0px; vertical-align: baseline; color: #333333; font-family: Georgia, 'Bitstream Charter', serif; font-size: 15.5556px; font-style: normal; font-variant: normal; font-weight: normal; letter-spacing: normal; text-align: start; text-indent: 0px; text-transform: none; white-space: normal; word-spacing: 0px; -webkit-text-stroke-width: 0px; line-height: 16px; background: #ffffff;\"><span style=\"font-size: 18px;\"><span style=\"font-family: verdana,geneva,sans-serif;\"><span style=\"border: 0px; margin: 0px; padding: 0px; vertical-align: baseline; background: transparent;\"><a style=\"border: 0px; margin: 0px; padding: 0px; vertical-align: baseline; color: #743399; background: transparent;\" href=\"http:\/\/www.loqueengordaeslaemocion.com\/\">Lo\u00a0que engorda es la emoci\u00f3n\u00a0 <\/a><\/span><\/span><\/span><\/h2>\r\n<span style=\"font-size: 18px;\"><span style=\"font-family: verdana,geneva,sans-serif;\">Pulsa este enlace para ingresar en el sitio web de origen \u00a0<\/span><\/span>\r\n<p style=\"border: 0px; margin: 0px 0px 24px; padding: 0px; vertical-align: baseline; color: #333333; font-family: Georgia, 'Bitstream Charter', serif; font-size: 15.5556px; font-style: normal; font-variant: normal; font-weight: normal; letter-spacing: normal; text-align: start; text-indent: 0px; text-transform: none; white-space: normal; word-spacing: 0px; -webkit-text-stroke-width: 0px; line-height: 16px; background: #ffffff;\"><span style=\"font-size: 18px;\"><span style=\"font-family: verdana,geneva,sans-serif;\"><span style=\"border: 0px; margin: 0px; padding: 0px; vertical-align: baseline; background: transparent;\"><a style=\"border: 0px; margin: 0px; padding: 0px; vertical-align: baseline; color: #743399; background: transparent;\" href=\"http:\/\/www.loqueengordaeslaemocion.com\/prensa.htm\">Archivos\u00a0de\u00a0Prensa<\/a><\/span><\/span><\/span><\/p>\r\n<span style=\"font-size: 18px;\"><span style=\"font-family: verdana,geneva,sans-serif;\">No te pierdas los art\u00edculos de nuestro Archivo \u00a0<\/span><\/span>\r\n<p style=\"border: 0px; margin: 0px 0px 24px; padding: 0px; vertical-align: baseline; color: #333333; font-family: Georgia, 'Bitstream Charter', serif; font-size: 15.5556px; font-style: normal; font-variant: normal; font-weight: normal; letter-spacing: normal; text-align: start; text-indent: 0px; text-transform: none; white-space: normal; word-spacing: 0px; -webkit-text-stroke-width: 0px; line-height: 16px; background: #ffffff;\"><span style=\"font-size: 18px;\"><span style=\"font-family: verdana,geneva,sans-serif;\"><span style=\"border: 0px; margin: 0px; padding: 0px; vertical-align: baseline; background: transparent;\"><a style=\"border: 0px; margin: 0px; padding: 0px; vertical-align: baseline; color: #743399; background: transparent;\" href=\"http:\/\/www.loqueengordaeslaemocion.com\/Notas.htm\">Notas\u00a0de\u00a0inter\u00e8s<\/a><\/span><\/span><\/span><\/p>\r\n<span style=\"font-size: 18px;\"><span style=\"font-family: verdana,geneva,sans-serif;\">Este es otro enlace donde encontrar\u00e1s notas que contribuir\u00e1n a elevar tu grado de motivaci\u00f3n. \u00a0<\/span><\/span>\r\n<p style=\"border: 0px; margin: 0px 0px 24px; padding: 0px; vertical-align: baseline; color: #333333; font-family: Georgia, 'Bitstream Charter', serif; font-size: 15.5556px; font-style: normal; font-variant: normal; font-weight: normal; letter-spacing: normal; text-align: start; text-indent: 0px; text-transform: none; white-space: normal; word-spacing: 0px; -webkit-text-stroke-width: 0px; line-height: 16px; background: #ffffff;\"><span style=\"font-size: 18px;\"><span style=\"font-family: verdana,geneva,sans-serif;\"><span style=\"border: 0px; margin: 0px; padding: 0px; vertical-align: baseline; background: transparent;\"><a style=\"border: 0px; margin: 0px; padding: 0px; vertical-align: baseline; color: #743399; background: transparent;\" href=\"http:\/\/www.loqueengordaeslaemocion.com\/Notas.htm\">Curso\u00a0Introductorio\u00a0Gratuito<\/a><\/span><\/span><\/span><\/p>\r\n<span style=\"font-size: 18px;\"><span style=\"font-family: verdana,geneva,sans-serif;\">Si todav\u00eda no lo tomaste, ap\u00fantate al Curso que ofrecemos de forma gratuita. En 18 entregas conocer\u00e1s nuestro enfoque de trabajo y recibir\u00e1s informes y pruebas a realizar que ser\u00e1n un desaf\u00edo a tus creencias y te dejar\u00e1n pensando...<\/span><\/span>\r\n<p style=\"border: 0px; margin: 0px 0px 24px; padding: 0px; vertical-align: baseline; color: #333333; font-family: Georgia, 'Bitstream Charter', serif; font-size: 15.5556px; font-style: normal; font-variant: normal; font-weight: normal; letter-spacing: normal; text-align: start; text-indent: 0px; text-transform: none; white-space: normal; word-spacing: 0px; -webkit-text-stroke-width: 0px; line-height: 16px; background: #ffffff;\"><span style=\"font-size: 18px;\"><span style=\"font-family: verdana,geneva,sans-serif;\"><span style=\"border: 0px; margin: 0px; padding: 0px; vertical-align: baseline; background: transparent;\"><a style=\"border: 0px; margin: 0px; padding: 0px; vertical-align: baseline; color: #743399; background: transparent;\" href=\"http:\/\/www.loqueengordaeslaemocion.com\/use_la_cabeza_para_adelgazar.htm\">Use\u00a0la\u00a0cabeza para adelgazar<\/a><\/span><\/span><\/span><\/p>\r\n<span style=\"font-size: 18px;\"><span style=\"font-family: verdana,geneva,sans-serif;\">Efectivamente, para adelgazar y mantenerte en tu peso ideal lo mejor es aprender a usar la cabeza. No tienes idea todav\u00eda del poder que puedes desarrollar con las t\u00e9cnicas avanzadas del Coaching y la Programacion Neuroling\u00fc\u00edstica<\/span><\/span>\r\n<p style=\"border: 0px; margin: 0px 0px 24px; padding: 0px; vertical-align: baseline; color: #333333; font-family: Georgia, 'Bitstream Charter', serif; font-size: 15.5556px; font-style: normal; font-variant: normal; font-weight: normal; letter-spacing: normal; text-align: start; text-indent: 0px; text-transform: none; white-space: normal; word-spacing: 0px; -webkit-text-stroke-width: 0px; line-height: 16px; background: #ffffff;\"><span style=\"font-size: 18px;\"><span style=\"font-family: verdana,geneva,sans-serif;\"><span style=\"border: 0px; margin: 0px; padding: 0px; vertical-align: baseline; background: transparent;\"><a style=\"border: 0px; margin: 0px; padding: 0px; vertical-align: baseline; color: #743399; background: transparent;\" href=\"http:\/\/www.loqueengordaeslaemocion.com\/invitacion.htm\">Campa\u00f1a Ayuda al Obeso - Campa\u00f1a Obesidad<\/a>\u00a0\u00a0<\/span><\/span><\/span><\/p>\r\n<span style=\"font-size: 18px;\"><span style=\"font-family: verdana,geneva,sans-serif;\">Campa\u00f1a de Ayuda al Obeso. Vis\u00edtala<\/span><\/span>\r\n<p style=\"border: 0px; margin: 0px 0px 24px; padding: 0px; vertical-align: baseline; color: #333333; font-family: Georgia, 'Bitstream Charter', serif; font-size: 15.5556px; font-style: normal; font-variant: normal; font-weight: normal; letter-spacing: normal; text-align: start; text-indent: 0px; text-transform: none; white-space: normal; word-spacing: 0px; -webkit-text-stroke-width: 0px; line-height: 16px; background: #ffffff;\"><span style=\"font-size: 18px;\"><span style=\"font-family: verdana,geneva,sans-serif;\"><span style=\"border: 0px; margin: 0px; padding: 0px; vertical-align: baseline; background: transparent;\"><a style=\"border: 0px; margin: 0px; padding: 0px; vertical-align: baseline; color: #743399; background: transparent;\" href=\"http:\/\/www.loqueengordaeslaemocion.com\/invitacion.htm#programa\">Detalles\u00a0del\u00a0programa\u00a0<\/a><\/span><a style=\"border: 0px; margin: 0px; padding: 0px; vertical-align: baseline; color: #743399; line-height: 16px; background: transparent;\" href=\"http:\/\/www.loqueengordaeslaemocion.com\/invitacion.htm#programa\">y\u00a0objetivos de la campa\u00f1a<\/a><\/span><\/span><\/p>\r\n&nbsp;\r\n<p style=\"border: 0px; margin: 0px 0px 24px; padding: 0px; vertical-align: baseline; color: #333333; font-family: Georgia, 'Bitstream Charter', serif; font-size: 15.5556px; font-style: normal; font-variant: normal; font-weight: normal; letter-spacing: normal; text-align: start; text-indent: 0px; text-transform: none; white-space: normal; word-spacing: 0px; -webkit-text-stroke-width: 0px; line-height: 16px; background: #ffffff;\"><span style=\"font-size: 18px;\"><span style=\"font-family: verdana,geneva,sans-serif;\"><span style=\"border: 0px; margin: 0px; padding: 0px; vertical-align: baseline; background: transparent;\"><a style=\"border: 0px; margin: 0px; padding: 0px; vertical-align: baseline; color: #743399; background: transparent;\" href=\"http:\/\/www.loqueengordaeslaemocion.com\/Solicitar-Servicio.htm#sintesis\">Sintesis\u00a0de nuestros servicios<\/a><\/span><\/span><\/span><\/p>\r\n<span style=\"font-size: 18px;\"><span style=\"font-family: verdana,geneva,sans-serif;\">Siempre que te pierdas en nuestro sitio web, puedes recurrir a este enlace para volver a encaminarte.<\/span><\/span>\r\n<h2 style=\"border: 0px; margin: 0px 0px 24px; padding: 0px; vertical-align: baseline; color: #333333; font-family: Georgia, 'Bitstream Charter', serif; font-size: 15.5555562973022px; font-style: normal; font-variant: normal; font-weight: normal; letter-spacing: normal; orphans: auto; text-align: start; text-indent: 0px; text-transform: none; white-space: normal; widows: auto; word-spacing: 0px; -webkit-text-stroke-width: 0px; line-height: 16px; background: #ffffff;\"><span style=\"font-size: 18px;\"><span style=\"font-family: verdana,geneva,sans-serif;\"><a style=\"border: 0px; margin: 0px; padding: 0px; vertical-align: baseline; color: #743399; background: transparent;\" title=\"Campa\u00f1a de ayuda\" href=\"http:\/\/www.loqueengordaeslaemocion.com\/promotores.htm\">Promotores\u00a0Campa\u00f1a de ayuda<\/a><span style=\"border: 0px; margin: 0px; padding: 0px; vertical-align: baseline; line-height: 16px; background: transparent;\">\u00a0 Si te decides a ser promotor de nuestro programa, visita este enlace<\/span><\/span><\/span><\/h2>\r\n<h2><script async src=\"\/\/pagead2.googlesyndication.com\/pagead\/js\/adsbygoogle.js\"><\/script><!-- Banergrafico728x90, creado 9\/03\/09 --><script>\r\n(adsbygoogle = window.adsbygoogle || []).push({});\r\n<\/script><\/h2>\r\n&nbsp;","protected":false},"excerpt":{"rendered":"Educaci\u00f3n\u00a0emocional - Enlaces de Inter\u00e9s Lo\u00a0que engorda es la emoci\u00f3n\u00a0 Pulsa este enlace para ingresar en el sitio web de origen \u00a0 Archivos\u00a0de\u00a0Prensa No te pierdas los art\u00edculos de nuestro Archivo \u00a0 Notas\u00a0de\u00a0inter\u00e8s Este es otro enlace donde encontrar\u00e1s notas &hellip; <a href=\"https:\/\/www.lilianadercye.com\/coaching-online\/lo-que-engorda-es-la-emocion\/\">Sigue leyendo <span class=\"meta-nav\">&rarr;<\/span><\/a>","protected":false},"author":14,"featured_media":0,"parent":0,"menu_order":4,"comment_status":"closed","ping_status":"closed","template":"","meta":[],"yoast_head":"<!-- This site is optimized with the Yoast SEO plugin v20.6 - https:\/\/yoast.com\/wordpress\/plugins\/seo\/ -->\n<title>Lo que engorda es la emoci\u00f3n - Coaching Online<\/title>\n<meta name=\"robots\" content=\"index, follow, max-snippet:-1, max-image-preview:large, max-video-preview:-1\" \/>\n<link rel=\"canonical\" href=\"https:\/\/www.lilianadercye.com\/coaching-online\/lo-que-engorda-es-la-emocion\/\" \/>\n<meta property=\"og:locale\" content=\"es_ES\" \/>\n<meta property=\"og:type\" content=\"article\" \/>\n<meta property=\"og:title\" content=\"Lo que engorda es la emoci\u00f3n - Coaching Online\" \/>\n<meta property=\"og:description\" content=\"Educaci\u00f3n\u00a0emocional - Enlaces de Inter\u00e9s Lo\u00a0que engorda es la emoci\u00f3n\u00a0 Pulsa este enlace para ingresar en el sitio web de origen \u00a0 Archivos\u00a0de\u00a0Prensa No te pierdas los art\u00edculos de nuestro Archivo \u00a0 Notas\u00a0de\u00a0inter\u00e8s Este es otro enlace donde encontrar\u00e1s notas &hellip; Sigue leyendo &rarr;\" \/>\n<meta property=\"og:url\" content=\"https:\/\/www.lilianadercye.com\/coaching-online\/lo-que-engorda-es-la-emocion\/\" \/>\n<meta property=\"og:site_name\" content=\"Coaching Online\" \/>\n<meta property=\"article:publisher\" content=\"https:\/\/www.facebook.com\/LoQueEngordaEsLaEmocion\" \/>\n<meta property=\"article:modified_time\" content=\"2022-01-04T12:52:59+00:00\" \/>\n<meta name=\"twitter:card\" content=\"summary_large_image\" \/>\n<meta name=\"twitter:site\" content=\"@Aflorarte\" \/>\n<meta name=\"twitter:label1\" content=\"Tiempo de lectura\" \/>\n\t<meta name=\"twitter:data1\" content=\"1 minuto\" \/>\n<script type=\"application\/ld+json\" class=\"yoast-schema-graph\">{\"@context\":\"https:\/\/schema.org\",\"@graph\":[{\"@type\":\"WebPage\",\"@id\":\"https:\/\/www.lilianadercye.com\/coaching-online\/lo-que-engorda-es-la-emocion\/\",\"url\":\"https:\/\/www.lilianadercye.com\/coaching-online\/lo-que-engorda-es-la-emocion\/\",\"name\":\"Lo que engorda es la emoci\u00f3n - Coaching Online\",\"isPartOf\":{\"@id\":\"https:\/\/www.lilianadercye.com\/coaching-online\/#website\"},\"datePublished\":\"2012-03-09T16:00:11+00:00\",\"dateModified\":\"2022-01-04T12:52:59+00:00\",\"breadcrumb\":{\"@id\":\"https:\/\/www.lilianadercye.com\/coaching-online\/lo-que-engorda-es-la-emocion\/#breadcrumb\"},\"inLanguage\":\"es\",\"potentialAction\":[{\"@type\":\"ReadAction\",\"target\":[\"https:\/\/www.lilianadercye.com\/coaching-online\/lo-que-engorda-es-la-emocion\/\"]}]},{\"@type\":\"BreadcrumbList\",\"@id\":\"https:\/\/www.lilianadercye.com\/coaching-online\/lo-que-engorda-es-la-emocion\/#breadcrumb\",\"itemListElement\":[{\"@type\":\"ListItem\",\"position\":1,\"name\":\"Portada\",\"item\":\"https:\/\/www.lilianadercye.com\/coaching-online\/\"},{\"@type\":\"ListItem\",\"position\":2,\"name\":\"Lo que engorda es la emoci\u00f3n\"}]},{\"@type\":\"WebSite\",\"@id\":\"https:\/\/www.lilianadercye.com\/coaching-online\/#website\",\"url\":\"https:\/\/www.lilianadercye.com\/coaching-online\/\",\"name\":\"Coaching Online\",\"description\":\"Educaci\u00f3n emocional-Entrenamiento online para adelgazar. 20 sesiones- GRATIS: Un mes de regalo\",\"publisher\":{\"@id\":\"https:\/\/www.lilianadercye.com\/coaching-online\/#organization\"},\"potentialAction\":[{\"@type\":\"SearchAction\",\"target\":{\"@type\":\"EntryPoint\",\"urlTemplate\":\"https:\/\/www.lilianadercye.com\/coaching-online\/?s={search_term_string}\"},\"query-input\":\"required name=search_term_string\"}],\"inLanguage\":\"es\"},{\"@type\":\"Organization\",\"@id\":\"https:\/\/www.lilianadercye.com\/coaching-online\/#organization\",\"name\":\"Coaching Online\",\"url\":\"https:\/\/www.lilianadercye.com\/coaching-online\/\",\"logo\":{\"@type\":\"ImageObject\",\"inLanguage\":\"es\",\"@id\":\"https:\/\/www.lilianadercye.com\/coaching-online\/#\/schema\/logo\/image\/\",\"url\":\"https:\/\/lilianadercye.com\/wp-content\/uploads\/2019\/07\/engorda_banner1.jpg\",\"contentUrl\":\"https:\/\/lilianadercye.com\/wp-content\/uploads\/2019\/07\/engorda_banner1.jpg\",\"width\":619,\"height\":160,\"caption\":\"Coaching Online\"},\"image\":{\"@id\":\"https:\/\/www.lilianadercye.com\/coaching-online\/#\/schema\/logo\/image\/\"},\"sameAs\":[\"https:\/\/www.facebook.com\/LoQueEngordaEsLaEmocion\",\"https:\/\/twitter.com\/Aflorarte\",\"https:\/\/www.instagram.com\/aflorartecoaching\/\",\"https:\/\/ar.pinterest.com\/aflorarte\/\",\"https:\/\/www.youtube.com\/user\/Aflorarte\"]}]}<\/script>\n<!-- \/ Yoast SEO plugin. -->","yoast_head_json":{"title":"Lo que engorda es la emoci\u00f3n - Coaching Online","robots":{"index":"index","follow":"follow","max-snippet":"max-snippet:-1","max-image-preview":"max-image-preview:large","max-video-preview":"max-video-preview:-1"},"canonical":"https:\/\/www.lilianadercye.com\/coaching-online\/lo-que-engorda-es-la-emocion\/","og_locale":"es_ES","og_type":"article","og_title":"Lo que engorda es la emoci\u00f3n - Coaching Online","og_description":"Educaci\u00f3n\u00a0emocional - Enlaces de Inter\u00e9s Lo\u00a0que engorda es la emoci\u00f3n\u00a0 Pulsa este enlace para ingresar en el sitio web de origen \u00a0 Archivos\u00a0de\u00a0Prensa No te pierdas los art\u00edculos de nuestro Archivo \u00a0 Notas\u00a0de\u00a0inter\u00e8s Este es otro enlace donde encontrar\u00e1s notas &hellip; Sigue leyendo &rarr;","og_url":"https:\/\/www.lilianadercye.com\/coaching-online\/lo-que-engorda-es-la-emocion\/","og_site_name":"Coaching Online","article_publisher":"https:\/\/www.facebook.com\/LoQueEngordaEsLaEmocion","article_modified_time":"2022-01-04T12:52:59+00:00","twitter_card":"summary_large_image","twitter_site":"@Aflorarte","twitter_misc":{"Tiempo de lectura":"1 minuto"},"schema":{"@context":"https:\/\/schema.org","@graph":[{"@type":"WebPage","@id":"https:\/\/www.lilianadercye.com\/coaching-online\/lo-que-engorda-es-la-emocion\/","url":"https:\/\/www.lilianadercye.com\/coaching-online\/lo-que-engorda-es-la-emocion\/","name":"Lo que engorda es la emoci\u00f3n - Coaching Online","isPartOf":{"@id":"https:\/\/www.lilianadercye.com\/coaching-online\/#website"},"datePublished":"2012-03-09T16:00:11+00:00","dateModified":"2022-01-04T12:52:59+00:00","breadcrumb":{"@id":"https:\/\/www.lilianadercye.com\/coaching-online\/lo-que-engorda-es-la-emocion\/#breadcrumb"},"inLanguage":"es","potentialAction":[{"@type":"ReadAction","target":["https:\/\/www.lilianadercye.com\/coaching-online\/lo-que-engorda-es-la-emocion\/"]}]},{"@type":"BreadcrumbList","@id":"https:\/\/www.lilianadercye.com\/coaching-online\/lo-que-engorda-es-la-emocion\/#breadcrumb","itemListElement":[{"@type":"ListItem","position":1,"name":"Portada","item":"https:\/\/www.lilianadercye.com\/coaching-online\/"},{"@type":"ListItem","position":2,"name":"Lo que engorda es la emoci\u00f3n"}]},{"@type":"WebSite","@id":"https:\/\/www.lilianadercye.com\/coaching-online\/#website","url":"https:\/\/www.lilianadercye.com\/coaching-online\/","name":"Coaching Online","description":"Educaci\u00f3n emocional-Entrenamiento online para adelgazar. 20 sesiones- GRATIS: Un mes de regalo","publisher":{"@id":"https:\/\/www.lilianadercye.com\/coaching-online\/#organization"},"potentialAction":[{"@type":"SearchAction","target":{"@type":"EntryPoint","urlTemplate":"https:\/\/www.lilianadercye.com\/coaching-online\/?s={search_term_string}"},"query-input":"required name=search_term_string"}],"inLanguage":"es"},{"@type":"Organization","@id":"https:\/\/www.lilianadercye.com\/coaching-online\/#organization","name":"Coaching Online","url":"https:\/\/www.lilianadercye.com\/coaching-online\/","logo":{"@type":"ImageObject","inLanguage":"es","@id":"https:\/\/www.lilianadercye.com\/coaching-online\/#\/schema\/logo\/image\/","url":"https:\/\/lilianadercye.com\/wp-content\/uploads\/2019\/07\/engorda_banner1.jpg","contentUrl":"https:\/\/lilianadercye.com\/wp-content\/uploads\/2019\/07\/engorda_banner1.jpg","width":619,"height":160,"caption":"Coaching Online"},"image":{"@id":"https:\/\/www.lilianadercye.com\/coaching-online\/#\/schema\/logo\/image\/"},"sameAs":["https:\/\/www.facebook.com\/LoQueEngordaEsLaEmocion","https:\/\/twitter.com\/Aflorarte","https:\/\/www.instagram.com\/aflorartecoaching\/","https:\/\/ar.pinterest.com\/aflorarte\/","https:\/\/www.youtube.com\/user\/Aflorarte"]}]}},"_links":{"self":[{"href":"https:\/\/www.lilianadercye.com\/coaching-online\/wp-json\/wp\/v2\/pages\/52"}],"collection":[{"href":"https:\/\/www.lilianadercye.com\/coaching-online\/wp-json\/wp\/v2\/pages"}],"about":[{"href":"https:\/\/www.lilianadercye.com\/coaching-online\/wp-json\/wp\/v2\/types\/page"}],"author":[{"embeddable":true,"href":"https:\/\/www.lilianadercye.com\/coaching-online\/wp-json\/wp\/v2\/users\/14"}],"replies":[{"embeddable":true,"href":"https:\/\/www.lilianadercye.com\/coaching-online\/wp-json\/wp\/v2\/comments?post=52"}],"version-history":[{"count":0,"href":"https:\/\/www.lilianadercye.com\/coaching-online\/wp-json\/wp\/v2\/pages\/52\/revisions"}],"wp:attachment":[{"href":"https:\/\/www.lilianadercye.com\/coaching-online\/wp-json\/wp\/v2\/media?parent=52"}],"curies":[{"name":"wp","href":"https:\/\/api.w.org\/{rel}","templated":true}]}}