{"id":49,"date":"2012-03-09T15:44:49","date_gmt":"2012-03-09T15:44:49","guid":{"rendered":"https:\/\/www.lilianadercye.com\/coaching-online\/?page_id=49"},"modified":"2015-02-05T15:54:28","modified_gmt":"2015-02-05T15:54:28","slug":"aflorarte-com","status":"publish","type":"page","link":"https:\/\/www.lilianadercye.com\/coaching-online\/aflorarte-com\/","title":{"rendered":"Aflorarte.com"},"content":{"rendered":"<html>\r\n<body>\r\n<p style=\"line-height: 100%;\" align=\"center\"><font face=\"Verdana\" size=\"2\"><a href=\"http:\/\/www.aflorarte.com\"><img loading=\"lazy\" src=\"http:\/\/www.aflorarte.com\/images\/aflologo2.gif\" border=\"0\" height=\"93\" width=\"372\"><\/a><\/font><\/p>\r\n<p style=\"line-height: 100%;\" align=\"center\"><font face=\"Verdana\" size=\"2\"><a href=\"http:\/\/www.aflorarte.com\/ventas.htm#vade1\"><img loading=\"lazy\" src=\"http:\/\/www.aflorarte.com\/zoom_vade1m.jpg\" border=\"0\" height=\"178\" width=\"139\" align=\"right\"><\/a><\/font><a href=\"http:\/\/www.aflorarte.com\"><font face=\"Verdana\" size=\"2\">Aflorarte.com&nbsp;\r\nSitio\r\nweb<\/font><\/a><font face=\"Verdana\" size=\"2\">&nbsp;&nbsp;&nbsp;<br>\r\n<i>Activo en Internet desde 1998 ofreciendo capacitaci\u00f3n y servicios a\r\nparticulares e instituciones<\/i><\/font><\/p>\r\n<p style=\"line-height: 100%;\" align=\"center\">&nbsp;<\/p>\r\n<p style=\"line-height: 100%;\"><b><font face=\"Verdana\" color=\"#008000\" size=\"3\">VADEMECUM\r\n- LIBROS Y MANUALES DE CAPACITACI\u00d3N<\/font><\/b><\/p>\r\n    <p style=\"line-height: 100%;\" align=\"left\"><font face=\"Verdana\" size=\"2\"><a href=\"http:\/\/www.aflorarte.com\/bibliolab\/\"><img loading=\"lazy\" src=\"http:\/\/www.aflorarte.com\/images\/bibliolab.gif\" align=\"left\" border=\"0\" height=\"281\" width=\"173\"><\/a><\/font><a href=\"http:\/\/www.aflorarte.com\"><font face=\"Verdana\" size=\"2\">Asesoramiento\r\nsobre terapia floral<\/font><\/a>\r\n    <p align=\"left\">\r\n<a href=\"http:\/\/www.aflorarte.com\/coaching.htm\"><font face=\"Verdana\" size=\"2\">Todo sobre Coaching<\/font><\/a><font face=\"Verdana\" size=\"2\"><a href=\"http:\/\/www.aflorarte.com\/ventas.htm#vade2\"><img loading=\"lazy\" src=\"http:\/\/www.aflorarte.com\/images%20del%20store\/la_tapa_2_para_oscommerce.jpg\" border=\"0\" height=\"173\" width=\"138\" align=\"right\"><\/a><\/font><p style=\"line-height: 100%;\" align=\"left\"><a href=\"http:\/\/www.aflorarte.com\/servicioconsultas.htm\"><font face=\"Verdana\" size=\"2\">Servicio\r\nConsultas de Aflorarte.com<\/font><\/a>\r\n    <p style=\"line-height: 100%;\" align=\"left\"><font face=\"Verdana\" size=\"2\"><a href=\"http:\/\/www.aflorarte.com\/bibliolab\/libros-y-manuales\/\">Cat\u00e1logo de Libros y Manuales de\r\nAflorarte.com<\/a>\r\n\r\n&nbsp;<\/font>\r\n<p align=\"left\"><font face=\"Verdana\" size=\"2\"><a href=\"http:\/\/www.aflorarte.com\/bibliolab\/\">BiblioLab&nbsp;<\/a><\/font>\r\n    <p align=\"left\"><font face=\"Verdana\" size=\"2\">\r\n\r\n<a href=\"http:\/\/www.aflorarte.com\/archivo.htm\">Secci\u00f2n Archivo y boletines\r\ngratuitos<\/a>\r\n\r\n&nbsp;\r\n\r\n&nbsp;\r\n\r\n&nbsp;<\/font><font face=\"Verdana\" size=\"2\"> <\/font>\r\n<p align=\"left\">&nbsp;<\/p>\r\n<p align=\"left\">&nbsp;<\/p>\r\n<!-- Start of StatCounter Code for Default Guide -->\r\n<script type=\"text\/javascript\">\r\nvar sc_project=4506594; \r\nvar sc_invisible=1; \r\nvar sc_security=\"32eb2b6f\"; \r\n<\/script>\r\n<script type=\"text\/javascript\"\r\nsrc=\"http:\/\/www.statcounter.com\/counter\/counter.js\"><\/scrip t>\r\n<noscript><div class=\"statcounter\"><a title=\"click tracking\"\r\nhref=\"http:\/\/statcounter.com\/\" target=\"_blank\"><img\r\nclass=\"statcounter\"\r\nsrc=\"http:\/\/c.statcounter.com\/4506594\/0\/32eb2b6f\/1\/\"\r\nalt=\"click tracking\" width=\"1\"  height=\"1\"><\/a><\/div><\/noscript>\r\n<!-- End of StatCounter Code for Default Guide -->\r\n<\/script>\r\n\r\n<script async  src=\"unsaved:\/\/pagead2.googlesyndication.com\/pagead\/js\/adsbygoogle%20.js\">\r\n\r\n<!-- Banergrafico728x90, creado 9\/03\/09 -->\r\n<ins class=\"adsbygoogle\"\r\n     style=\"display:inline-block;width:728px;height:90px\"\r\n     data-ad-client=\"ca-pub-3627579864509604\"\r\n     data-ad-slot=\"5247974429\"><\/ins>\r\n<script>\r\n(adsbygoogle = window.adsbygoogle || []).push({});\r\n<\/script>\r\n<p><font face=\"Verdana\" size=\"2\">&nbsp;&nbsp;&nbsp;&nbsp;&nbsp; <\/font><\/p>\r\n<\/BODY>\r\n<\/html>\r\n","protected":false},"excerpt":{"rendered":"Aflorarte.com&nbsp; Sitio web&nbsp;&nbsp;&nbsp; Activo en Internet desde 1998 ofreciendo capacitaci\u00f3n y servicios a particulares e instituciones &nbsp; VADEMECUM - LIBROS Y MANUALES DE CAPACITACI\u00d3N Asesoramiento sobre terapia floral Todo sobre CoachingServicio Consultas de Aflorarte.com Cat\u00e1logo de Libros y Manuales de &hellip; <a href=\"https:\/\/www.lilianadercye.com\/coaching-online\/aflorarte-com\/\">Sigue leyendo <span class=\"meta-nav\">&rarr;<\/span><\/a>","protected":false},"author":14,"featured_media":0,"parent":0,"menu_order":7,"comment_status":"closed","ping_status":"closed","template":"","meta":[],"yoast_head":"<!-- This site is optimized with the Yoast SEO plugin v20.6 - https:\/\/yoast.com\/wordpress\/plugins\/seo\/ -->\n<title>Aflorarte.com - Coaching Online<\/title>\n<meta name=\"robots\" content=\"index, follow, max-snippet:-1, max-image-preview:large, max-video-preview:-1\" \/>\n<link rel=\"canonical\" href=\"https:\/\/www.lilianadercye.com\/coaching-online\/aflorarte-com\/\" \/>\n<meta property=\"og:locale\" content=\"es_ES\" \/>\n<meta property=\"og:type\" content=\"article\" \/>\n<meta property=\"og:title\" content=\"Aflorarte.com - Coaching Online\" \/>\n<meta property=\"og:description\" content=\"Aflorarte.com&nbsp; Sitio web&nbsp;&nbsp;&nbsp; Activo en Internet desde 1998 ofreciendo capacitaci\u00f3n y servicios a particulares e instituciones &nbsp; VADEMECUM - LIBROS Y MANUALES DE CAPACITACI\u00d3N Asesoramiento sobre terapia floral Todo sobre CoachingServicio Consultas de Aflorarte.com Cat\u00e1logo de Libros y Manuales de &hellip; Sigue leyendo &rarr;\" \/>\n<meta property=\"og:url\" content=\"https:\/\/www.lilianadercye.com\/coaching-online\/aflorarte-com\/\" \/>\n<meta property=\"og:site_name\" content=\"Coaching Online\" \/>\n<meta property=\"article:publisher\" content=\"https:\/\/www.facebook.com\/LoQueEngordaEsLaEmocion\" \/>\n<meta property=\"article:modified_time\" content=\"2015-02-05T15:54:28+00:00\" \/>\n<meta property=\"og:image\" content=\"http:\/\/www.aflorarte.com\/images\/aflologo2.gif\" \/>\n<meta name=\"twitter:card\" content=\"summary_large_image\" \/>\n<meta name=\"twitter:site\" content=\"@Aflorarte\" \/>\n<script type=\"application\/ld+json\" class=\"yoast-schema-graph\">{\"@context\":\"https:\/\/schema.org\",\"@graph\":[{\"@type\":\"WebPage\",\"@id\":\"https:\/\/www.lilianadercye.com\/coaching-online\/aflorarte-com\/\",\"url\":\"https:\/\/www.lilianadercye.com\/coaching-online\/aflorarte-com\/\",\"name\":\"Aflorarte.com - Coaching Online\",\"isPartOf\":{\"@id\":\"https:\/\/www.lilianadercye.com\/coaching-online\/#website\"},\"datePublished\":\"2012-03-09T15:44:49+00:00\",\"dateModified\":\"2015-02-05T15:54:28+00:00\",\"breadcrumb\":{\"@id\":\"https:\/\/www.lilianadercye.com\/coaching-online\/aflorarte-com\/#breadcrumb\"},\"inLanguage\":\"es\",\"potentialAction\":[{\"@type\":\"ReadAction\",\"target\":[\"https:\/\/www.lilianadercye.com\/coaching-online\/aflorarte-com\/\"]}]},{\"@type\":\"BreadcrumbList\",\"@id\":\"https:\/\/www.lilianadercye.com\/coaching-online\/aflorarte-com\/#breadcrumb\",\"itemListElement\":[{\"@type\":\"ListItem\",\"position\":1,\"name\":\"Portada\",\"item\":\"https:\/\/www.lilianadercye.com\/coaching-online\/\"},{\"@type\":\"ListItem\",\"position\":2,\"name\":\"Aflorarte.com\"}]},{\"@type\":\"WebSite\",\"@id\":\"https:\/\/www.lilianadercye.com\/coaching-online\/#website\",\"url\":\"https:\/\/www.lilianadercye.com\/coaching-online\/\",\"name\":\"Coaching Online\",\"description\":\"Educaci\u00f3n emocional-Entrenamiento online para adelgazar. 20 sesiones- GRATIS: Un mes de regalo\",\"publisher\":{\"@id\":\"https:\/\/www.lilianadercye.com\/coaching-online\/#organization\"},\"potentialAction\":[{\"@type\":\"SearchAction\",\"target\":{\"@type\":\"EntryPoint\",\"urlTemplate\":\"https:\/\/www.lilianadercye.com\/coaching-online\/?s={search_term_string}\"},\"query-input\":\"required name=search_term_string\"}],\"inLanguage\":\"es\"},{\"@type\":\"Organization\",\"@id\":\"https:\/\/www.lilianadercye.com\/coaching-online\/#organization\",\"name\":\"Coaching Online\",\"url\":\"https:\/\/www.lilianadercye.com\/coaching-online\/\",\"logo\":{\"@type\":\"ImageObject\",\"inLanguage\":\"es\",\"@id\":\"https:\/\/www.lilianadercye.com\/coaching-online\/#\/schema\/logo\/image\/\",\"url\":\"https:\/\/lilianadercye.com\/wp-content\/uploads\/2019\/07\/engorda_banner1.jpg\",\"contentUrl\":\"https:\/\/lilianadercye.com\/wp-content\/uploads\/2019\/07\/engorda_banner1.jpg\",\"width\":619,\"height\":160,\"caption\":\"Coaching Online\"},\"image\":{\"@id\":\"https:\/\/www.lilianadercye.com\/coaching-online\/#\/schema\/logo\/image\/\"},\"sameAs\":[\"https:\/\/www.facebook.com\/LoQueEngordaEsLaEmocion\",\"https:\/\/twitter.com\/Aflorarte\",\"https:\/\/www.instagram.com\/aflorartecoaching\/\",\"https:\/\/ar.pinterest.com\/aflorarte\/\",\"https:\/\/www.youtube.com\/user\/Aflorarte\"]}]}<\/script>\n<!-- \/ Yoast SEO plugin. -->","yoast_head_json":{"title":"Aflorarte.com - Coaching Online","robots":{"index":"index","follow":"follow","max-snippet":"max-snippet:-1","max-image-preview":"max-image-preview:large","max-video-preview":"max-video-preview:-1"},"canonical":"https:\/\/www.lilianadercye.com\/coaching-online\/aflorarte-com\/","og_locale":"es_ES","og_type":"article","og_title":"Aflorarte.com - Coaching Online","og_description":"Aflorarte.com&nbsp; Sitio web&nbsp;&nbsp;&nbsp; Activo en Internet desde 1998 ofreciendo capacitaci\u00f3n y servicios a particulares e instituciones &nbsp; VADEMECUM - LIBROS Y MANUALES DE CAPACITACI\u00d3N Asesoramiento sobre terapia floral Todo sobre CoachingServicio Consultas de Aflorarte.com Cat\u00e1logo de Libros y Manuales de &hellip; Sigue leyendo &rarr;","og_url":"https:\/\/www.lilianadercye.com\/coaching-online\/aflorarte-com\/","og_site_name":"Coaching Online","article_publisher":"https:\/\/www.facebook.com\/LoQueEngordaEsLaEmocion","article_modified_time":"2015-02-05T15:54:28+00:00","og_image":[{"url":"http:\/\/www.aflorarte.com\/images\/aflologo2.gif"}],"twitter_card":"summary_large_image","twitter_site":"@Aflorarte","schema":{"@context":"https:\/\/schema.org","@graph":[{"@type":"WebPage","@id":"https:\/\/www.lilianadercye.com\/coaching-online\/aflorarte-com\/","url":"https:\/\/www.lilianadercye.com\/coaching-online\/aflorarte-com\/","name":"Aflorarte.com - Coaching Online","isPartOf":{"@id":"https:\/\/www.lilianadercye.com\/coaching-online\/#website"},"datePublished":"2012-03-09T15:44:49+00:00","dateModified":"2015-02-05T15:54:28+00:00","breadcrumb":{"@id":"https:\/\/www.lilianadercye.com\/coaching-online\/aflorarte-com\/#breadcrumb"},"inLanguage":"es","potentialAction":[{"@type":"ReadAction","target":["https:\/\/www.lilianadercye.com\/coaching-online\/aflorarte-com\/"]}]},{"@type":"BreadcrumbList","@id":"https:\/\/www.lilianadercye.com\/coaching-online\/aflorarte-com\/#breadcrumb","itemListElement":[{"@type":"ListItem","position":1,"name":"Portada","item":"https:\/\/www.lilianadercye.com\/coaching-online\/"},{"@type":"ListItem","position":2,"name":"Aflorarte.com"}]},{"@type":"WebSite","@id":"https:\/\/www.lilianadercye.com\/coaching-online\/#website","url":"https:\/\/www.lilianadercye.com\/coaching-online\/","name":"Coaching Online","description":"Educaci\u00f3n emocional-Entrenamiento online para adelgazar. 20 sesiones- GRATIS: Un mes de regalo","publisher":{"@id":"https:\/\/www.lilianadercye.com\/coaching-online\/#organization"},"potentialAction":[{"@type":"SearchAction","target":{"@type":"EntryPoint","urlTemplate":"https:\/\/www.lilianadercye.com\/coaching-online\/?s={search_term_string}"},"query-input":"required name=search_term_string"}],"inLanguage":"es"},{"@type":"Organization","@id":"https:\/\/www.lilianadercye.com\/coaching-online\/#organization","name":"Coaching Online","url":"https:\/\/www.lilianadercye.com\/coaching-online\/","logo":{"@type":"ImageObject","inLanguage":"es","@id":"https:\/\/www.lilianadercye.com\/coaching-online\/#\/schema\/logo\/image\/","url":"https:\/\/lilianadercye.com\/wp-content\/uploads\/2019\/07\/engorda_banner1.jpg","contentUrl":"https:\/\/lilianadercye.com\/wp-content\/uploads\/2019\/07\/engorda_banner1.jpg","width":619,"height":160,"caption":"Coaching Online"},"image":{"@id":"https:\/\/www.lilianadercye.com\/coaching-online\/#\/schema\/logo\/image\/"},"sameAs":["https:\/\/www.facebook.com\/LoQueEngordaEsLaEmocion","https:\/\/twitter.com\/Aflorarte","https:\/\/www.instagram.com\/aflorartecoaching\/","https:\/\/ar.pinterest.com\/aflorarte\/","https:\/\/www.youtube.com\/user\/Aflorarte"]}]}},"_links":{"self":[{"href":"https:\/\/www.lilianadercye.com\/coaching-online\/wp-json\/wp\/v2\/pages\/49"}],"collection":[{"href":"https:\/\/www.lilianadercye.com\/coaching-online\/wp-json\/wp\/v2\/pages"}],"about":[{"href":"https:\/\/www.lilianadercye.com\/coaching-online\/wp-json\/wp\/v2\/types\/page"}],"author":[{"embeddable":true,"href":"https:\/\/www.lilianadercye.com\/coaching-online\/wp-json\/wp\/v2\/users\/14"}],"replies":[{"embeddable":true,"href":"https:\/\/www.lilianadercye.com\/coaching-online\/wp-json\/wp\/v2\/comments?post=49"}],"version-history":[{"count":0,"href":"https:\/\/www.lilianadercye.com\/coaching-online\/wp-json\/wp\/v2\/pages\/49\/revisions"}],"wp:attachment":[{"href":"https:\/\/www.lilianadercye.com\/coaching-online\/wp-json\/wp\/v2\/media?parent=49"}],"curies":[{"name":"wp","href":"https:\/\/api.w.org\/{rel}","templated":true}]}}