{"id":1404,"date":"2014-01-23T16:41:47","date_gmt":"2014-01-23T16:41:47","guid":{"rendered":"https:\/\/www.lilianadercye.com\/coaching-online\/?page_id=1404"},"modified":"2020-01-10T19:48:15","modified_gmt":"2020-01-10T19:48:15","slug":"turnos","status":"publish","type":"page","link":"https:\/\/www.lilianadercye.com\/coaching-online\/turnos\/","title":{"rendered":"Turnos"},"content":{"rendered":"<HTML>\r\n<body link=\"#0000FF\" vlink=\"#0000FF\" alink=\"#0000FF\">\r\n<p align=\"left\"><font face=\"Verdana\">RESERVA DE TURNOS:<\/font><\/p>\r\n<p align=\"left\"><font face=\"Verdana\"><a href=\"http:\/\/www.aflorarte.com\/webmeetings\/reservar-turno\/\">Las\r\nconsultas son personales. Se toman&nbsp; ONLINE v\u00eda Skype, <\/a>un servicio\r\ngratuito de comunicaci\u00f3n en l\u00ednea.&nbsp;<\/font><\/p>\r\n<p align=\"left\"><font face=\"Verdana\">Si todav\u00eda no tiene su cuenta gratuita,\r\npuede tramitarla desde&nbsp;<a href=\"https:\/\/www.skype.com\/es\/\" target=\"_blank\"> \r\nSkype<\/a>&nbsp;&nbsp;<\/font><\/p>\r\n<p align=\"left\"><font face=\"Verdana\">Si lo prefiere, puede solicitar una\r\nconsulta telef\u00f3nica o por video-llamada, a cargo del paciente.<\/font><\/p>\r\n<p align=\"left\"><font face=\"Verdana\">Reserve su turno ahora <a href=\"http:\/\/www.aflorarte.com\/webmeetings\/reservar-turno\/\">pulsando\r\naqu\u00ed<\/a><\/font><\/p>\r\n<p align=\"left\"><a href=\"https:\/\/www.aflorarte.com\/webmeetings\/reservar-turno\/\"><img loading=\"lazy\" src=\"https:\/\/www.aflorarte.com\/webmeetings\/wp-content\/uploads\/2014\/01\/calendar-turnos.jpg\" alt=\"calendar-turnos\" \/ width=\"692\" height=\"430\"><\/a><\/p>\r\n<!-- Start of StatCounter Code for Default Guide -->\r\n<script type=\"text\/javascript\">\r\nvar sc_project=4506594; \r\nvar sc_invisible=1; \r\nvar sc_security=\"32eb2b6f\"; \r\n<\/script>\r\n<script type=\"text\/javascript\"\r\nsrc=\"https:\/\/www.statcounter.com\/counter\/counter.js\"><\/script>\r\n<noscript><div class=\"statcounter\"><a title=\"hits counter\"\r\nhref=\"https:\/\/statcounter.com\/free-hit-counter\/\"\r\ntarget=\"_blank\"><img class=\"statcounter\"\r\nsrc=\"https:\/\/c.statcounter.com\/4506594\/0\/32eb2b6f\/1\/\"\r\nalt=\"hits counter\" width=\"1\" height=\"1\"><\/a><\/div><\/noscript>\r\n<!-- End of StatCounter Code for Default Guide -->\r\n\r\n<script async src=\"unsaved:\/\/pagead2.googlesyndication.com\/pagead\/js\/adsbygoogle.js\"><\/script>\r\n<!-- Banergrafico728x90, creado 9\/03\/09 -->\r\n<ins class=\"adsbygoogle\"\r\n     style=\"display:inline-block;width:728px;height:90px\"\r\n     data-ad-client=\"ca-pub-3627579864509604\"\r\n     data-ad-slot=\"5247974429\"><\/ins>\r\n<script>\r\n(adsbygoogle = window.adsbygoogle || []).push({});\r\n<\/script>\r\n\r\n<script async src=\"file:\/\/pagead2.googlesyndication.com\/pagead\/js\/adsbygoogle.js\"><\/script>\r\n<!-- Banergrafico728x90, creado 9\/03\/09 -->\r\n<ins class=\"adsbygoogle\"\r\n     style=\"display:inline-block;width:728px;height:90px\"\r\n     data-ad-client=\"ca-pub-3627579864509604\"\r\n     data-ad-slot=\"5247974429\"><\/ins>\r\n<script>\r\n(adsbygoogle = window.adsbygoogle || []).push({});\r\n<\/script>\r\n\r\n<script async src=\"unsaved:\/\/pagead2.googlesyndication.com\/pagead\/js\/adsbygoogle.js\"><\/script>\r\n<!-- 728x15, creado 9\/03\/09 -->\r\n<ins class=\"adsbygoogle\"\r\n     style=\"display:inline-block;width:728px;height:15px\"\r\n     data-ad-client=\"ca-pub-3627579864509604\"\r\n     data-ad-slot=\"9573394819\"><\/ins>\r\n<script>\r\n(adsbygoogle = window.adsbygoogle || []).push({});\r\n<\/script>\r\n\r\n<script async src=\"unsaved:\/\/pagead2.googlesyndication.com\/pagead\/js\/adsbygoogle.js\"><\/script>\r\n<!-- 728x15, creado 9\/03\/09 -->\r\n<ins class=\"adsbygoogle\"\r\n     style=\"display:inline-block;width:728px;height:15px\"\r\n     data-ad-client=\"ca-pub-3627579864509604\"\r\n     data-ad-slot=\"9573394819\"><\/ins>\r\n<script>\r\n(adsbygoogle = window.adsbygoogle || []).push({});\r\n<\/script>\r\n\r\n\r\n<script async src=\"unsaved:\/\/pagead2.googlesyndication.com\/pagead\/js\/adsbygoogle.js\"><\/script>\r\n<!-- 728x15, creado 9\/03\/09 -->\r\n<ins class=\"adsbygoogle\"\r\n     style=\"display:inline-block;width:728px;height:15px\"\r\n     data-ad-client=\"ca-pub-3627579864509604\"\r\n     data-ad-slot=\"9573394819\"><\/ins>\r\n<script>\r\n(adsbygoogle = window.adsbygoogle || []).push({});\r\n<\/script>\r\n\r\n<script async src=\"unsaved:\/\/pagead2.googlesyndication.com\/pagead\/js\/adsbygoogle.js\"><\/script>\r\n<!-- Banergrafico728x90, creado 9\/03\/09 -->\r\n<ins class=\"adsbygoogle\"\r\n     style=\"display:inline-block;width:728px;height:90px\"\r\n     data-ad-client=\"ca-pub-3627579864509604\"\r\n     data-ad-slot=\"5247974429\"><\/ins>\r\n<script>\r\n(adsbygoogle = window.adsbygoogle || []).push({});\r\n<\/script>\r\n\r\n<\/body>\r\n<\/HTML>","protected":false},"excerpt":{"rendered":"RESERVA DE TURNOS: Las consultas son personales. Se toman&nbsp; ONLINE v\u00eda Skype, un servicio gratuito de comunicaci\u00f3n en l\u00ednea.&nbsp; Si todav\u00eda no tiene su cuenta gratuita, puede tramitarla desde&nbsp; Skype&nbsp;&nbsp; Si lo prefiere, puede solicitar una consulta telef\u00f3nica o por &hellip; <a href=\"https:\/\/www.lilianadercye.com\/coaching-online\/turnos\/\">Sigue leyendo <span class=\"meta-nav\">&rarr;<\/span><\/a>","protected":false},"author":14,"featured_media":0,"parent":0,"menu_order":15,"comment_status":"closed","ping_status":"closed","template":"","meta":[],"yoast_head":"<!-- This site is optimized with the Yoast SEO plugin v20.6 - https:\/\/yoast.com\/wordpress\/plugins\/seo\/ -->\n<title>Turnos - Coaching Online<\/title>\n<meta name=\"robots\" content=\"index, follow, max-snippet:-1, max-image-preview:large, max-video-preview:-1\" \/>\n<link rel=\"canonical\" href=\"https:\/\/www.lilianadercye.com\/coaching-online\/turnos\/\" \/>\n<meta property=\"og:locale\" content=\"es_ES\" \/>\n<meta property=\"og:type\" content=\"article\" \/>\n<meta property=\"og:title\" content=\"Turnos - Coaching Online\" \/>\n<meta property=\"og:description\" content=\"RESERVA DE TURNOS: Las consultas son personales. Se toman&nbsp; ONLINE v\u00eda Skype, un servicio gratuito de comunicaci\u00f3n en l\u00ednea.&nbsp; Si todav\u00eda no tiene su cuenta gratuita, puede tramitarla desde&nbsp; Skype&nbsp;&nbsp; Si lo prefiere, puede solicitar una consulta telef\u00f3nica o por &hellip; Sigue leyendo &rarr;\" \/>\n<meta property=\"og:url\" content=\"https:\/\/www.lilianadercye.com\/coaching-online\/turnos\/\" \/>\n<meta property=\"og:site_name\" content=\"Coaching Online\" \/>\n<meta property=\"article:publisher\" content=\"https:\/\/www.facebook.com\/LoQueEngordaEsLaEmocion\" \/>\n<meta property=\"article:modified_time\" content=\"2020-01-10T19:48:15+00:00\" \/>\n<meta property=\"og:image\" content=\"https:\/\/www.aflorarte.com\/webmeetings\/wp-content\/uploads\/2014\/01\/calendar-turnos.jpg\" \/>\n<meta name=\"twitter:card\" content=\"summary_large_image\" \/>\n<meta name=\"twitter:site\" content=\"@Aflorarte\" \/>\n<script type=\"application\/ld+json\" class=\"yoast-schema-graph\">{\"@context\":\"https:\/\/schema.org\",\"@graph\":[{\"@type\":\"WebPage\",\"@id\":\"https:\/\/www.lilianadercye.com\/coaching-online\/turnos\/\",\"url\":\"https:\/\/www.lilianadercye.com\/coaching-online\/turnos\/\",\"name\":\"Turnos - Coaching Online\",\"isPartOf\":{\"@id\":\"https:\/\/www.lilianadercye.com\/coaching-online\/#website\"},\"datePublished\":\"2014-01-23T16:41:47+00:00\",\"dateModified\":\"2020-01-10T19:48:15+00:00\",\"breadcrumb\":{\"@id\":\"https:\/\/www.lilianadercye.com\/coaching-online\/turnos\/#breadcrumb\"},\"inLanguage\":\"es\",\"potentialAction\":[{\"@type\":\"ReadAction\",\"target\":[\"https:\/\/www.lilianadercye.com\/coaching-online\/turnos\/\"]}]},{\"@type\":\"BreadcrumbList\",\"@id\":\"https:\/\/www.lilianadercye.com\/coaching-online\/turnos\/#breadcrumb\",\"itemListElement\":[{\"@type\":\"ListItem\",\"position\":1,\"name\":\"Portada\",\"item\":\"https:\/\/www.lilianadercye.com\/coaching-online\/\"},{\"@type\":\"ListItem\",\"position\":2,\"name\":\"Turnos\"}]},{\"@type\":\"WebSite\",\"@id\":\"https:\/\/www.lilianadercye.com\/coaching-online\/#website\",\"url\":\"https:\/\/www.lilianadercye.com\/coaching-online\/\",\"name\":\"Coaching Online\",\"description\":\"Educaci\u00f3n emocional-Entrenamiento online para adelgazar. 20 sesiones- GRATIS: Un mes de regalo\",\"publisher\":{\"@id\":\"https:\/\/www.lilianadercye.com\/coaching-online\/#organization\"},\"potentialAction\":[{\"@type\":\"SearchAction\",\"target\":{\"@type\":\"EntryPoint\",\"urlTemplate\":\"https:\/\/www.lilianadercye.com\/coaching-online\/?s={search_term_string}\"},\"query-input\":\"required name=search_term_string\"}],\"inLanguage\":\"es\"},{\"@type\":\"Organization\",\"@id\":\"https:\/\/www.lilianadercye.com\/coaching-online\/#organization\",\"name\":\"Coaching Online\",\"url\":\"https:\/\/www.lilianadercye.com\/coaching-online\/\",\"logo\":{\"@type\":\"ImageObject\",\"inLanguage\":\"es\",\"@id\":\"https:\/\/www.lilianadercye.com\/coaching-online\/#\/schema\/logo\/image\/\",\"url\":\"https:\/\/lilianadercye.com\/wp-content\/uploads\/2019\/07\/engorda_banner1.jpg\",\"contentUrl\":\"https:\/\/lilianadercye.com\/wp-content\/uploads\/2019\/07\/engorda_banner1.jpg\",\"width\":619,\"height\":160,\"caption\":\"Coaching Online\"},\"image\":{\"@id\":\"https:\/\/www.lilianadercye.com\/coaching-online\/#\/schema\/logo\/image\/\"},\"sameAs\":[\"https:\/\/www.facebook.com\/LoQueEngordaEsLaEmocion\",\"https:\/\/twitter.com\/Aflorarte\",\"https:\/\/www.instagram.com\/aflorartecoaching\/\",\"https:\/\/ar.pinterest.com\/aflorarte\/\",\"https:\/\/www.youtube.com\/user\/Aflorarte\"]}]}<\/script>\n<!-- \/ Yoast SEO plugin. -->","yoast_head_json":{"title":"Turnos - Coaching Online","robots":{"index":"index","follow":"follow","max-snippet":"max-snippet:-1","max-image-preview":"max-image-preview:large","max-video-preview":"max-video-preview:-1"},"canonical":"https:\/\/www.lilianadercye.com\/coaching-online\/turnos\/","og_locale":"es_ES","og_type":"article","og_title":"Turnos - Coaching Online","og_description":"RESERVA DE TURNOS: Las consultas son personales. Se toman&nbsp; ONLINE v\u00eda Skype, un servicio gratuito de comunicaci\u00f3n en l\u00ednea.&nbsp; Si todav\u00eda no tiene su cuenta gratuita, puede tramitarla desde&nbsp; Skype&nbsp;&nbsp; Si lo prefiere, puede solicitar una consulta telef\u00f3nica o por &hellip; Sigue leyendo &rarr;","og_url":"https:\/\/www.lilianadercye.com\/coaching-online\/turnos\/","og_site_name":"Coaching Online","article_publisher":"https:\/\/www.facebook.com\/LoQueEngordaEsLaEmocion","article_modified_time":"2020-01-10T19:48:15+00:00","og_image":[{"url":"https:\/\/www.aflorarte.com\/webmeetings\/wp-content\/uploads\/2014\/01\/calendar-turnos.jpg"}],"twitter_card":"summary_large_image","twitter_site":"@Aflorarte","schema":{"@context":"https:\/\/schema.org","@graph":[{"@type":"WebPage","@id":"https:\/\/www.lilianadercye.com\/coaching-online\/turnos\/","url":"https:\/\/www.lilianadercye.com\/coaching-online\/turnos\/","name":"Turnos - Coaching Online","isPartOf":{"@id":"https:\/\/www.lilianadercye.com\/coaching-online\/#website"},"datePublished":"2014-01-23T16:41:47+00:00","dateModified":"2020-01-10T19:48:15+00:00","breadcrumb":{"@id":"https:\/\/www.lilianadercye.com\/coaching-online\/turnos\/#breadcrumb"},"inLanguage":"es","potentialAction":[{"@type":"ReadAction","target":["https:\/\/www.lilianadercye.com\/coaching-online\/turnos\/"]}]},{"@type":"BreadcrumbList","@id":"https:\/\/www.lilianadercye.com\/coaching-online\/turnos\/#breadcrumb","itemListElement":[{"@type":"ListItem","position":1,"name":"Portada","item":"https:\/\/www.lilianadercye.com\/coaching-online\/"},{"@type":"ListItem","position":2,"name":"Turnos"}]},{"@type":"WebSite","@id":"https:\/\/www.lilianadercye.com\/coaching-online\/#website","url":"https:\/\/www.lilianadercye.com\/coaching-online\/","name":"Coaching Online","description":"Educaci\u00f3n emocional-Entrenamiento online para adelgazar. 20 sesiones- GRATIS: Un mes de regalo","publisher":{"@id":"https:\/\/www.lilianadercye.com\/coaching-online\/#organization"},"potentialAction":[{"@type":"SearchAction","target":{"@type":"EntryPoint","urlTemplate":"https:\/\/www.lilianadercye.com\/coaching-online\/?s={search_term_string}"},"query-input":"required name=search_term_string"}],"inLanguage":"es"},{"@type":"Organization","@id":"https:\/\/www.lilianadercye.com\/coaching-online\/#organization","name":"Coaching Online","url":"https:\/\/www.lilianadercye.com\/coaching-online\/","logo":{"@type":"ImageObject","inLanguage":"es","@id":"https:\/\/www.lilianadercye.com\/coaching-online\/#\/schema\/logo\/image\/","url":"https:\/\/lilianadercye.com\/wp-content\/uploads\/2019\/07\/engorda_banner1.jpg","contentUrl":"https:\/\/lilianadercye.com\/wp-content\/uploads\/2019\/07\/engorda_banner1.jpg","width":619,"height":160,"caption":"Coaching Online"},"image":{"@id":"https:\/\/www.lilianadercye.com\/coaching-online\/#\/schema\/logo\/image\/"},"sameAs":["https:\/\/www.facebook.com\/LoQueEngordaEsLaEmocion","https:\/\/twitter.com\/Aflorarte","https:\/\/www.instagram.com\/aflorartecoaching\/","https:\/\/ar.pinterest.com\/aflorarte\/","https:\/\/www.youtube.com\/user\/Aflorarte"]}]}},"_links":{"self":[{"href":"https:\/\/www.lilianadercye.com\/coaching-online\/wp-json\/wp\/v2\/pages\/1404"}],"collection":[{"href":"https:\/\/www.lilianadercye.com\/coaching-online\/wp-json\/wp\/v2\/pages"}],"about":[{"href":"https:\/\/www.lilianadercye.com\/coaching-online\/wp-json\/wp\/v2\/types\/page"}],"author":[{"embeddable":true,"href":"https:\/\/www.lilianadercye.com\/coaching-online\/wp-json\/wp\/v2\/users\/14"}],"replies":[{"embeddable":true,"href":"https:\/\/www.lilianadercye.com\/coaching-online\/wp-json\/wp\/v2\/comments?post=1404"}],"version-history":[{"count":0,"href":"https:\/\/www.lilianadercye.com\/coaching-online\/wp-json\/wp\/v2\/pages\/1404\/revisions"}],"wp:attachment":[{"href":"https:\/\/www.lilianadercye.com\/coaching-online\/wp-json\/wp\/v2\/media?parent=1404"}],"curies":[{"name":"wp","href":"https:\/\/api.w.org\/{rel}","templated":true}]}}