{"id":1246,"date":"2013-05-16T16:49:08","date_gmt":"2013-05-16T16:49:08","guid":{"rendered":"https:\/\/www.lilianadercye.com\/coaching-online\/?page_id=1246"},"modified":"2022-01-04T14:24:37","modified_gmt":"2022-01-04T14:24:37","slug":"cuadernillos-prueba-sesion-gratis","status":"publish","type":"page","link":"https:\/\/www.lilianadercye.com\/coaching-online\/biblioteca\/cuadernillos-prueba-sesion-gratis\/","title":{"rendered":"Cuadernillo Sesi\u00f3n Gratis- LIBRO DE PRUEBA"},"content":{"rendered":"<p>+<br \/>\n&nbsp;<br \/>\n<div class=\"_df_book df-lite\" id=\"df_2604\"  _slug=\"libro-de-prueba\" data-title=\"libro-de-prueba\" wpoptions=\"true\" thumbtype=\"\" ><\/div><script class=\"df-shortcode-script\" nowprocket type=\"application\/javascript\">window.option_df_2604 = {\"webgl\":\"false\",\"outline\":[],\"backgroundColor\":\"#306237\",\"autoEnableOutline\":\"false\",\"autoEnableThumbnail\":\"false\",\"overwritePDFOutline\":\"false\",\"enableDownload\":\"false\",\"direction\":\"1\",\"pageSize\":\"0\",\"source\":\"https:\\\/\\\/www.lilianadercye.com\\\/coaching-online\\\/wp-content\\\/uploads\\\/2021\\\/11\\\/FLIP2-word2000.pdf\",\"wpOptions\":\"true\"}; if(window.DFLIP && window.DFLIP.parseBooks){window.DFLIP.parseBooks();}<\/script><br \/>\n&nbsp;<br \/>\n<strong><span style=\"font-family: Verdana;\">TENGA EN CUENTA: \u00a0<\/span><\/strong><\/p>\n<p><span style=\"color: #ff0000;\"><span style=\"font-family: Verdana; font-size: medium;\">Si tiene problemas<br \/>\npara visualizar el libro, regrese a esta p\u00e1gina y encontrar\u00e1 la soluci\u00f3n.\u00a0<\/span><\/span><br \/>\n<span style=\"font-family: Verdana; font-size: medium;\"><br \/>\n<span style=\"vertical-align: baseline; background-repeat: repeat; background-attachment: scroll; line-height: 24px; background-color: #ffffff; color: #000000; border-style: none; border-width: 0px; margin: 0px; padding: 0px; background-position: transparent;\">En<br \/>\nesta p\u00e1gina le ofrecemos algunos trucos para el m\u00e1ximo aprovechamiento del\u00a0material.\u00a0\u00a0<\/span><\/span><\/p>\n<p><span style=\"vertical-align: baseline; background-repeat: repeat; background-attachment: scroll; line-height: 24px; background-color: #ffffff; color: #000000; border-style: none; border-width: 0px; margin: 0px; padding: 0px; background-position: transparent;\"><span style=\"font-family: Verdana;\"><span style=\"font-size: small;\">Aseg\u00farese una lectura c\u00f3moda y productiva desde cualquier dispositivo: computadoras, tablets, ipads. Usuarios de Windows, Mac, IOS, Android, etc. favor de atender a esta p\u00e1gina).\u00a0<\/span><\/span><\/span><\/p>\n<p><span style=\"font-family: Verdana;\"><span style=\"font-size: small;\"><br \/>\n<span style=\"vertical-align: baseline; background-repeat: repeat; background-attachment: scroll; line-height: 24px; background-color: #ffffff; color: #000000; border-style: none; border-width: 0px; margin: 0px; padding: 0px; background-position: transparent;\">Para empezar,\u00a0<\/span><span style=\"border: 0px; margin: 0px; padding: 0px; vertical-align: baseline; background: transparent;\"><em style=\"border: 0px; margin: 0px; padding: 0px; vertical-align: baseline; background: transparent;\"><strong style=\"border: 0px; margin: 0px; padding: 0px; vertical-align: baseline; background: transparent;\">lea siempre nuestros libros en Pantalla Completa<\/strong><\/em><\/span><span style=\"vertical-align: baseline; background-repeat: repeat; background-attachment: scroll; line-height: 24px; background-color: #ffffff; color: #000000; border-style: none; border-width: 0px; margin: 0px; padding: 0px; background-position: transparent;\">\u00a0<span style=\"border: 0px; margin: 0px; padding: 0px; vertical-align: baseline; background: transparent;\">\u00a0<\/span><\/span><\/span><\/span><\/p>\n<p><span style=\"color: #000080;\">Para abrir en pantalla completa y para modificar el tama\u00f1o de la fuente, \u00a0pulse en los \u00edconos tal<br \/>\n<\/span><\/p>\n<p><span style=\"font-size: 14px; color: #000080;\"> como\u00a0se\u00a0ilustra en la foto\u00a0(pulse para ampliar)\u00a0<\/span><br \/>\n<span style=\"font-size: 14px; color: #000080;\">\u00a0 \u00a0\u00a0<a href=\"http:\/\/lilianadercye.com\/wp-content\/uploads\/2016\/02\/libro.jpg\" target=\"_blank\" rel=\"attachment noopener wp-att-1970\"><img loading=\"lazy\" class=\"alignnone size-medium wp-image-1970\" style=\"width: 400px; height: 300px;\" src=\"http:\/\/lilianadercye.com\/wp-content\/uploads\/2016\/02\/libro-300x225.jpg\" alt=\"libro\" width=\"300\" height=\"225\" srcset=\"https:\/\/www.lilianadercye.com\/coaching-online\/wp-content\/uploads\/2016\/02\/libro-300x225.jpg 300w, https:\/\/www.lilianadercye.com\/coaching-online\/wp-content\/uploads\/2016\/02\/libro-768x576.jpg 768w, https:\/\/www.lilianadercye.com\/coaching-online\/wp-content\/uploads\/2016\/02\/libro.jpg 1024w\" sizes=\"(max-width: 300px) 100vw, 300px\" \/><\/a><\/span><\/p>\n<div><\/div>\n<p>&nbsp;<\/p>\n<p>&nbsp;<\/p>\n<p>&nbsp;<\/p>\n<p><a name=\"cuadernillo\"><\/a><\/p>\n<p>&nbsp;<\/p>\n<p><script async src=\"file:\/\/pagead2.googlesyndication.com\/pagead\/js\/adsbygoogle.js\"><\/script><!-- Banergrafico728x90, creado 9\/03\/09 --><script>\n(adsbygoogle = window.adsbygoogle || []).push({});\n<\/script><\/p>\n<h2 style=\"border: 0px; margin: 0px 0px 20px; padding: 0px; vertical-align: baseline; clear: both; font-weight: normal; color: #000000; line-height: 1.5em; text-align: center; background: transparent;\"><strong><a style=\"vertical-align: baseline; color: #743399; background-image: url('initial'); background-attachment: initial; background-size: initial; background-origin: initial; background-clip: initial; background-repeat: initial; border-style: none; border-width: 0px; margin: 0px; padding: 0px; background-position: initial 50%;\" href=\"http:\/\/lilianadercye.com\/login\/emociones-articuladas\/coaching-online-para-adelgazar\/\" target=\"_blank\" rel=\"noopener\"><span style=\"color: #006400;\"><span style=\"font-family: Verdana;\">REGRESAR A SESI\u00d3N GRATIS<\/span><\/span><\/a><\/strong><\/h2>\n<h3 style=\"border: 0px; margin: 0px 0px 20px; padding: 0px; vertical-align: baseline; clear: both; font-weight: normal; color: #000000; line-height: 1.5em; background: transparent;\"><span style=\"font-family: Verdana;\"><strong style=\"border: 0px; margin: 0px; padding: 0px; vertical-align: baseline; font-weight: bold; background: transparent;\"><span style=\"vertical-align: baseline; background-repeat: repeat; background-attachment: scroll; color: #008000; border-style: none; border-width: 0px; margin: 0px; padding: 0px; background-position: transparent;\">EL CUADERNILLO \u00a0<\/span><\/strong><span style=\"vertical-align: baseline; background-repeat: repeat; background-attachment: scroll; font-size: small; border-style: none; border-width: 0px; margin: 0px; padding: 0px; background-position: transparent;\">Modelo de Cuadernillo utilizado en el programa de<span class=\"Apple-converted-space\">\u00a0<\/span><a style=\"border: 0px; margin: 0px; padding: 0px; vertical-align: baseline; color: #743399; background: transparent;\" href=\"http:\/\/lilianadercye.com\/\">Coaching Online para Adelgazar<\/a><span class=\"Apple-converted-space\">\u00a0<\/span>y en el<span style=\"border: 0px; margin: 0px; padding: 0px; vertical-align: baseline; background: transparent; color: #009933;\"><b style=\"border: 0px; margin: 0px; padding: 0px; vertical-align: baseline; background: transparent;\"><a style=\"border: 0px; margin: 0px; padding: 0px; vertical-align: baseline; color: #743399; background: transparent;\" href=\"http:\/\/www.aflorarte.com\/bibliolab\">BiblioLab<\/a><\/b><\/span>,\u00a0<span class=\"Apple-converted-space\">\u00a0<\/span><i style=\"border: 0px; margin: 0px; padding: 0px; vertical-align: baseline; font-style: italic; background: transparent;\">la BibliotecaLaboratorio de <a href=\"http:\/\/www.aflorarte.com\" target=\"_blank\" rel=\"noopener\">Aflorarte.com<\/a><\/i>\u00a0<\/span><span class=\"Apple-converted-space\">\u00a0<\/span><\/span><\/h3>\n<p style=\"border: 0px; margin: 0px 0px 24px; padding: 0px; vertical-align: baseline; background: transparent;\"><span style=\"font-family: Verdana;\"><img loading=\"lazy\" style=\"border: none; margin: 0px; padding: 0px; vertical-align: baseline; background: transparent;\" src=\"http:\/\/www.loqueengordaeslaemocion.com\/images\/cuadernillo-flip.jpg\" width=\"746\" height=\"472\" border=\"0\" \/><\/span><\/p>\n<p style=\"border: 0px; margin: 0px 0px 24px; padding: 0px; vertical-align: baseline; background: transparent;\"><span style=\"vertical-align: baseline; background-repeat: repeat; background-attachment: scroll; border-style: none; border-width: 0px; margin: 0px; padding: 0px; background-position: transparent;\"><span style=\"font-family: Verdana;\">\u00a0<\/span><\/span><\/p>\n<p style=\"border: 0px; margin: 0px 0px 24px; padding: 0px; vertical-align: baseline; background: transparent;\"><span style=\"vertical-align: baseline; background-repeat: repeat; background-attachment: scroll; border-style: none; border-width: 0px; margin: 0px; padding: 0px; background-position: transparent 50%;\"><span style=\"font-family: Verdana;\"><span style=\"vertical-align: baseline; background-repeat: repeat; background-attachment: scroll; border-style: none; border-width: 0px; margin: 0px; padding: 0px; background-position: transparent;\">-<\/span><span class=\"Apple-converted-space\">\u00a0<\/span><span style=\"vertical-align: baseline; background-repeat: repeat; background-attachment: scroll; border-style: none; border-width: 0px; margin: 0px; padding: 0px; background-position: transparent;\"><iframe loading=\"lazy\" style=\"border: 0px; margin: 0px; padding: 0px; vertical-align: baseline; background: transparent;\" src=\"http:\/\/www.youtube.com\/embed\/Cg39iSE4bZs\" width=\"853\" height=\"480\" frameborder=\"0\"><\/iframe> <\/span><\/span><\/span><\/p>\n<div id=\"footer\" style=\"border: 0px; margin: 0px 0px 20px; padding: 0px; vertical-align: baseline; clear: both; width: 940px; color: #666666; font-family: Georgia, 'Bitstream Charter', serif; font-size: 12.222222328186px; font-style: normal; font-variant: normal; font-weight: normal; letter-spacing: normal; line-height: 18px; orphans: auto; text-align: start; text-indent: 0px; text-transform: none; white-space: normal; widows: auto; word-spacing: 0px; -webkit-text-stroke-width: 0px; background: transparent;\" role=\"contentinfo\">\n<div id=\"colophon\" style=\"border-width: 4px 0px 0px; border-top-style: solid; border-top-color: #000000; margin: -4px auto 0px; padding: 18px 0px; vertical-align: baseline; width: 940px; overflow: hidden; background: transparent;\">\n<p>&nbsp;<\/p>\n<div id=\"footer-widget-area\" style=\"border: 0px; margin: 0px; padding: 0px; vertical-align: baseline; overflow: hidden; background: transparent;\" role=\"complementary\">\n<div id=\"first\" class=\"widget-area\" style=\"border: 0px; margin: 0px 20px 0px 0px; padding: 0px; vertical-align: baseline; float: left; width: 220px; background: transparent;\"><\/div>\n<\/div>\n<\/div>\n<\/div>\n","protected":false},"excerpt":{"rendered":"<p>+ &nbsp; &nbsp; TENGA EN CUENTA: \u00a0 Si tiene problemas para visualizar el libro, regrese a esta p\u00e1gina y encontrar\u00e1 la soluci\u00f3n.\u00a0 En esta p\u00e1gina le ofrecemos algunos trucos para el m\u00e1ximo aprovechamiento del\u00a0material.\u00a0\u00a0 Aseg\u00farese una lectura c\u00f3moda y productiva &hellip; <a href=\"https:\/\/www.lilianadercye.com\/coaching-online\/biblioteca\/cuadernillos-prueba-sesion-gratis\/\">Sigue leyendo <span class=\"meta-nav\">&rarr;<\/span><\/a><\/p>\n","protected":false},"author":14,"featured_media":0,"parent":1326,"menu_order":0,"comment_status":"closed","ping_status":"closed","template":"","meta":[],"yoast_head":"<!-- This site is optimized with the Yoast SEO plugin v20.6 - https:\/\/yoast.com\/wordpress\/plugins\/seo\/ -->\n<title>Cuadernillo Sesi\u00f3n Gratis- LIBRO DE PRUEBA - Coaching Online<\/title>\n<meta name=\"robots\" content=\"index, follow, max-snippet:-1, max-image-preview:large, max-video-preview:-1\" \/>\n<link rel=\"canonical\" href=\"https:\/\/www.lilianadercye.com\/coaching-online\/biblioteca\/cuadernillos-prueba-sesion-gratis\/\" \/>\n<meta property=\"og:locale\" content=\"es_ES\" \/>\n<meta property=\"og:type\" content=\"article\" \/>\n<meta property=\"og:title\" content=\"Cuadernillo Sesi\u00f3n Gratis- LIBRO DE PRUEBA - Coaching Online\" \/>\n<meta property=\"og:description\" content=\"+ &nbsp; &nbsp; TENGA EN CUENTA: \u00a0 Si tiene problemas para visualizar el libro, regrese a esta p\u00e1gina y encontrar\u00e1 la soluci\u00f3n.\u00a0 En esta p\u00e1gina le ofrecemos algunos trucos para el m\u00e1ximo aprovechamiento del\u00a0material.\u00a0\u00a0 Aseg\u00farese una lectura c\u00f3moda y productiva &hellip; Sigue leyendo &rarr;\" \/>\n<meta property=\"og:url\" content=\"https:\/\/www.lilianadercye.com\/coaching-online\/biblioteca\/cuadernillos-prueba-sesion-gratis\/\" \/>\n<meta property=\"og:site_name\" content=\"Coaching Online\" \/>\n<meta property=\"article:publisher\" content=\"https:\/\/www.facebook.com\/LoQueEngordaEsLaEmocion\" \/>\n<meta property=\"article:modified_time\" content=\"2022-01-04T14:24:37+00:00\" \/>\n<meta property=\"og:image\" content=\"http:\/\/lilianadercye.com\/wp-content\/uploads\/2016\/02\/libro-300x225.jpg\" \/>\n<meta name=\"twitter:card\" content=\"summary_large_image\" \/>\n<meta name=\"twitter:site\" content=\"@Aflorarte\" \/>\n<meta name=\"twitter:label1\" content=\"Tiempo de lectura\" \/>\n\t<meta name=\"twitter:data1\" content=\"1 minuto\" \/>\n<script type=\"application\/ld+json\" class=\"yoast-schema-graph\">{\"@context\":\"https:\/\/schema.org\",\"@graph\":[{\"@type\":\"WebPage\",\"@id\":\"https:\/\/www.lilianadercye.com\/coaching-online\/biblioteca\/cuadernillos-prueba-sesion-gratis\/\",\"url\":\"https:\/\/www.lilianadercye.com\/coaching-online\/biblioteca\/cuadernillos-prueba-sesion-gratis\/\",\"name\":\"Cuadernillo Sesi\u00f3n Gratis- LIBRO DE PRUEBA - Coaching Online\",\"isPartOf\":{\"@id\":\"https:\/\/www.lilianadercye.com\/coaching-online\/#website\"},\"datePublished\":\"2013-05-16T16:49:08+00:00\",\"dateModified\":\"2022-01-04T14:24:37+00:00\",\"breadcrumb\":{\"@id\":\"https:\/\/www.lilianadercye.com\/coaching-online\/biblioteca\/cuadernillos-prueba-sesion-gratis\/#breadcrumb\"},\"inLanguage\":\"es\",\"potentialAction\":[{\"@type\":\"ReadAction\",\"target\":[\"https:\/\/www.lilianadercye.com\/coaching-online\/biblioteca\/cuadernillos-prueba-sesion-gratis\/\"]}]},{\"@type\":\"BreadcrumbList\",\"@id\":\"https:\/\/www.lilianadercye.com\/coaching-online\/biblioteca\/cuadernillos-prueba-sesion-gratis\/#breadcrumb\",\"itemListElement\":[{\"@type\":\"ListItem\",\"position\":1,\"name\":\"Portada\",\"item\":\"https:\/\/www.lilianadercye.com\/coaching-online\/\"},{\"@type\":\"ListItem\",\"position\":2,\"name\":\"Biblioteca\",\"item\":\"https:\/\/www.lilianadercye.com\/coaching-online\/biblioteca\/\"},{\"@type\":\"ListItem\",\"position\":3,\"name\":\"Cuadernillo Sesi\u00f3n Gratis- LIBRO DE PRUEBA\"}]},{\"@type\":\"WebSite\",\"@id\":\"https:\/\/www.lilianadercye.com\/coaching-online\/#website\",\"url\":\"https:\/\/www.lilianadercye.com\/coaching-online\/\",\"name\":\"Coaching Online\",\"description\":\"Educaci\u00f3n emocional-Entrenamiento online para adelgazar. 20 sesiones- GRATIS: Un mes de regalo\",\"publisher\":{\"@id\":\"https:\/\/www.lilianadercye.com\/coaching-online\/#organization\"},\"potentialAction\":[{\"@type\":\"SearchAction\",\"target\":{\"@type\":\"EntryPoint\",\"urlTemplate\":\"https:\/\/www.lilianadercye.com\/coaching-online\/?s={search_term_string}\"},\"query-input\":\"required name=search_term_string\"}],\"inLanguage\":\"es\"},{\"@type\":\"Organization\",\"@id\":\"https:\/\/www.lilianadercye.com\/coaching-online\/#organization\",\"name\":\"Coaching Online\",\"url\":\"https:\/\/www.lilianadercye.com\/coaching-online\/\",\"logo\":{\"@type\":\"ImageObject\",\"inLanguage\":\"es\",\"@id\":\"https:\/\/www.lilianadercye.com\/coaching-online\/#\/schema\/logo\/image\/\",\"url\":\"https:\/\/lilianadercye.com\/wp-content\/uploads\/2019\/07\/engorda_banner1.jpg\",\"contentUrl\":\"https:\/\/lilianadercye.com\/wp-content\/uploads\/2019\/07\/engorda_banner1.jpg\",\"width\":619,\"height\":160,\"caption\":\"Coaching Online\"},\"image\":{\"@id\":\"https:\/\/www.lilianadercye.com\/coaching-online\/#\/schema\/logo\/image\/\"},\"sameAs\":[\"https:\/\/www.facebook.com\/LoQueEngordaEsLaEmocion\",\"https:\/\/twitter.com\/Aflorarte\",\"https:\/\/www.instagram.com\/aflorartecoaching\/\",\"https:\/\/ar.pinterest.com\/aflorarte\/\",\"https:\/\/www.youtube.com\/user\/Aflorarte\"]}]}<\/script>\n<!-- \/ Yoast SEO plugin. -->","yoast_head_json":{"title":"Cuadernillo Sesi\u00f3n Gratis- LIBRO DE PRUEBA - Coaching Online","robots":{"index":"index","follow":"follow","max-snippet":"max-snippet:-1","max-image-preview":"max-image-preview:large","max-video-preview":"max-video-preview:-1"},"canonical":"https:\/\/www.lilianadercye.com\/coaching-online\/biblioteca\/cuadernillos-prueba-sesion-gratis\/","og_locale":"es_ES","og_type":"article","og_title":"Cuadernillo Sesi\u00f3n Gratis- LIBRO DE PRUEBA - Coaching Online","og_description":"+ &nbsp; &nbsp; TENGA EN CUENTA: \u00a0 Si tiene problemas para visualizar el libro, regrese a esta p\u00e1gina y encontrar\u00e1 la soluci\u00f3n.\u00a0 En esta p\u00e1gina le ofrecemos algunos trucos para el m\u00e1ximo aprovechamiento del\u00a0material.\u00a0\u00a0 Aseg\u00farese una lectura c\u00f3moda y productiva &hellip; Sigue leyendo &rarr;","og_url":"https:\/\/www.lilianadercye.com\/coaching-online\/biblioteca\/cuadernillos-prueba-sesion-gratis\/","og_site_name":"Coaching Online","article_publisher":"https:\/\/www.facebook.com\/LoQueEngordaEsLaEmocion","article_modified_time":"2022-01-04T14:24:37+00:00","og_image":[{"url":"http:\/\/lilianadercye.com\/wp-content\/uploads\/2016\/02\/libro-300x225.jpg"}],"twitter_card":"summary_large_image","twitter_site":"@Aflorarte","twitter_misc":{"Tiempo de lectura":"1 minuto"},"schema":{"@context":"https:\/\/schema.org","@graph":[{"@type":"WebPage","@id":"https:\/\/www.lilianadercye.com\/coaching-online\/biblioteca\/cuadernillos-prueba-sesion-gratis\/","url":"https:\/\/www.lilianadercye.com\/coaching-online\/biblioteca\/cuadernillos-prueba-sesion-gratis\/","name":"Cuadernillo Sesi\u00f3n Gratis- LIBRO DE PRUEBA - Coaching Online","isPartOf":{"@id":"https:\/\/www.lilianadercye.com\/coaching-online\/#website"},"datePublished":"2013-05-16T16:49:08+00:00","dateModified":"2022-01-04T14:24:37+00:00","breadcrumb":{"@id":"https:\/\/www.lilianadercye.com\/coaching-online\/biblioteca\/cuadernillos-prueba-sesion-gratis\/#breadcrumb"},"inLanguage":"es","potentialAction":[{"@type":"ReadAction","target":["https:\/\/www.lilianadercye.com\/coaching-online\/biblioteca\/cuadernillos-prueba-sesion-gratis\/"]}]},{"@type":"BreadcrumbList","@id":"https:\/\/www.lilianadercye.com\/coaching-online\/biblioteca\/cuadernillos-prueba-sesion-gratis\/#breadcrumb","itemListElement":[{"@type":"ListItem","position":1,"name":"Portada","item":"https:\/\/www.lilianadercye.com\/coaching-online\/"},{"@type":"ListItem","position":2,"name":"Biblioteca","item":"https:\/\/www.lilianadercye.com\/coaching-online\/biblioteca\/"},{"@type":"ListItem","position":3,"name":"Cuadernillo Sesi\u00f3n Gratis- LIBRO DE PRUEBA"}]},{"@type":"WebSite","@id":"https:\/\/www.lilianadercye.com\/coaching-online\/#website","url":"https:\/\/www.lilianadercye.com\/coaching-online\/","name":"Coaching Online","description":"Educaci\u00f3n emocional-Entrenamiento online para adelgazar. 20 sesiones- GRATIS: Un mes de regalo","publisher":{"@id":"https:\/\/www.lilianadercye.com\/coaching-online\/#organization"},"potentialAction":[{"@type":"SearchAction","target":{"@type":"EntryPoint","urlTemplate":"https:\/\/www.lilianadercye.com\/coaching-online\/?s={search_term_string}"},"query-input":"required name=search_term_string"}],"inLanguage":"es"},{"@type":"Organization","@id":"https:\/\/www.lilianadercye.com\/coaching-online\/#organization","name":"Coaching Online","url":"https:\/\/www.lilianadercye.com\/coaching-online\/","logo":{"@type":"ImageObject","inLanguage":"es","@id":"https:\/\/www.lilianadercye.com\/coaching-online\/#\/schema\/logo\/image\/","url":"https:\/\/lilianadercye.com\/wp-content\/uploads\/2019\/07\/engorda_banner1.jpg","contentUrl":"https:\/\/lilianadercye.com\/wp-content\/uploads\/2019\/07\/engorda_banner1.jpg","width":619,"height":160,"caption":"Coaching Online"},"image":{"@id":"https:\/\/www.lilianadercye.com\/coaching-online\/#\/schema\/logo\/image\/"},"sameAs":["https:\/\/www.facebook.com\/LoQueEngordaEsLaEmocion","https:\/\/twitter.com\/Aflorarte","https:\/\/www.instagram.com\/aflorartecoaching\/","https:\/\/ar.pinterest.com\/aflorarte\/","https:\/\/www.youtube.com\/user\/Aflorarte"]}]}},"_links":{"self":[{"href":"https:\/\/www.lilianadercye.com\/coaching-online\/wp-json\/wp\/v2\/pages\/1246"}],"collection":[{"href":"https:\/\/www.lilianadercye.com\/coaching-online\/wp-json\/wp\/v2\/pages"}],"about":[{"href":"https:\/\/www.lilianadercye.com\/coaching-online\/wp-json\/wp\/v2\/types\/page"}],"author":[{"embeddable":true,"href":"https:\/\/www.lilianadercye.com\/coaching-online\/wp-json\/wp\/v2\/users\/14"}],"replies":[{"embeddable":true,"href":"https:\/\/www.lilianadercye.com\/coaching-online\/wp-json\/wp\/v2\/comments?post=1246"}],"version-history":[{"count":0,"href":"https:\/\/www.lilianadercye.com\/coaching-online\/wp-json\/wp\/v2\/pages\/1246\/revisions"}],"up":[{"embeddable":true,"href":"https:\/\/www.lilianadercye.com\/coaching-online\/wp-json\/wp\/v2\/pages\/1326"}],"wp:attachment":[{"href":"https:\/\/www.lilianadercye.com\/coaching-online\/wp-json\/wp\/v2\/media?parent=1246"}],"curies":[{"name":"wp","href":"https:\/\/api.w.org\/{rel}","templated":true}]}}